{"id":1604,"date":"2024-04-04T19:38:32","date_gmt":"2024-04-04T19:38:32","guid":{"rendered":"https:\/\/byte-challenge.de\/?page_id=1604"},"modified":"2025-04-29T19:26:25","modified_gmt":"2025-04-29T19:26:25","slug":"beirat","status":"publish","type":"page","link":"https:\/\/byte-challenge.de\/en\/beirat\/","title":{"rendered":"Beirat"},"content":{"rendered":"<h1 class=\"wp-block-heading has-text-align-center\">BYTE Beirat<\/h1>\n\n\n\n<div style=\"height:15px\" aria-hidden=\"true\" class=\"wp-block-spacer\"><\/div>\n\n\n\n<div class=\"wp-block-columns is-layout-flex wp-container-core-columns-is-layout-9d6595d7 wp-block-columns-is-layout-flex\">\n<div class=\"wp-block-column is-layout-flow wp-block-column-is-layout-flow\" style=\"flex-basis:25%\"><\/div>\n\n\n\n<div class=\"wp-block-column is-layout-flow wp-block-column-is-layout-flow\">\n<p>Der Beirat unterst\u00fctzt die BYTE Challenge durch Expertise und Erfahrung, akademische Begleitung von Projekt- und Abschlussarbeiten, Ideen und kritisches Feedback. Insbesondere begleitet der Beirat das Projekt in strategischen Ausrichtungen, Qualit\u00e4tssicherungsprozessen und bei wichtigen Entwicklungsschritten.<\/p>\n\n\n\n<p>Wir setzen uns aktiv daf\u00fcr ein, Feedback aus der Praxis und Forschung systematisch in unsere Arbeit einzubeziehen.<\/p>\n<\/div>\n\n\n\n<div class=\"wp-block-column is-layout-flow wp-block-column-is-layout-flow\" style=\"flex-basis:25%\"><\/div>\n<\/div>\n\n\n\n<div style=\"height:15px\" aria-hidden=\"true\" class=\"wp-block-spacer\"><\/div>\n\n\n\n<div class=\"wp-block-columns is-layout-flex wp-container-core-columns-is-layout-9d6595d7 wp-block-columns-is-layout-flex\">\n<div class=\"wp-block-column is-layout-flow wp-block-column-is-layout-flow\" style=\"flex-basis:15%\">\n<figure class=\"wp-block-image size-large is-resized\"><img loading=\"lazy\" decoding=\"async\" width=\"1024\" height=\"1024\" src=\"https:\/\/byte-challenge.de\/wp-content\/uploads\/2024\/03\/Stefan-Jaehnichen-1-1024x1024.png\" alt=\"\" class=\"wp-image-1614\" style=\"width:150px\" srcset=\"https:\/\/byte-challenge.de\/wp-content\/uploads\/2024\/03\/Stefan-Jaehnichen-1-1024x1024.png 1024w, https:\/\/byte-challenge.de\/wp-content\/uploads\/2024\/03\/Stefan-Jaehnichen-1-300x300.png 300w, https:\/\/byte-challenge.de\/wp-content\/uploads\/2024\/03\/Stefan-Jaehnichen-1-150x150.png 150w, https:\/\/byte-challenge.de\/wp-content\/uploads\/2024\/03\/Stefan-Jaehnichen-1-768x768.png 768w, https:\/\/byte-challenge.de\/wp-content\/uploads\/2024\/03\/Stefan-Jaehnichen-1-12x12.png 12w, https:\/\/byte-challenge.de\/wp-content\/uploads\/2024\/03\/Stefan-Jaehnichen-1-600x600.png 600w, https:\/\/byte-challenge.de\/wp-content\/uploads\/2024\/03\/Stefan-Jaehnichen-1-100x100.png 100w, https:\/\/byte-challenge.de\/wp-content\/uploads\/2024\/03\/Stefan-Jaehnichen-1.png 1080w\" sizes=\"auto, (max-width: 1024px) 100vw, 1024px\" \/><\/figure>\n<\/div>\n\n\n\n<div class=\"wp-block-column is-layout-flow wp-block-column-is-layout-flow\" style=\"flex-basis:35%\">\n<h6 class=\"wp-block-heading\">Prof. Dr. Dr. h. c. Stefan Jaehnichen<\/h6>\n\n\n\n<p class=\"has-small-font-size\">Direktor am Forschungszentrum Karlsruhe (Aussenstelle Berlin) | Professor an der TU Berlin &#8211; Softwaretechnik (i.R.) | AR Vorsitz Leibniz Zentrum Informatik &#8211; Schlo\u00df Dagstuhl<\/p>\n<\/div>\n\n\n\n<div class=\"wp-block-column is-layout-flow wp-block-column-is-layout-flow\" style=\"flex-basis:15%\">\n<figure class=\"wp-block-image size-large is-resized\"><img loading=\"lazy\" decoding=\"async\" width=\"1024\" height=\"1024\" src=\"https:\/\/byte-challenge.de\/wp-content\/uploads\/2024\/03\/Thorsten-Papenbrock-1-1024x1024.png\" alt=\"\" class=\"wp-image-1615\" style=\"width:150px\" srcset=\"https:\/\/byte-challenge.de\/wp-content\/uploads\/2024\/03\/Thorsten-Papenbrock-1-1024x1024.png 1024w, https:\/\/byte-challenge.de\/wp-content\/uploads\/2024\/03\/Thorsten-Papenbrock-1-300x300.png 300w, https:\/\/byte-challenge.de\/wp-content\/uploads\/2024\/03\/Thorsten-Papenbrock-1-150x150.png 150w, https:\/\/byte-challenge.de\/wp-content\/uploads\/2024\/03\/Thorsten-Papenbrock-1-768x768.png 768w, https:\/\/byte-challenge.de\/wp-content\/uploads\/2024\/03\/Thorsten-Papenbrock-1-12x12.png 12w, https:\/\/byte-challenge.de\/wp-content\/uploads\/2024\/03\/Thorsten-Papenbrock-1-600x600.png 600w, https:\/\/byte-challenge.de\/wp-content\/uploads\/2024\/03\/Thorsten-Papenbrock-1-100x100.png 100w, https:\/\/byte-challenge.de\/wp-content\/uploads\/2024\/03\/Thorsten-Papenbrock-1.png 1080w\" sizes=\"auto, (max-width: 1024px) 100vw, 1024px\" \/><\/figure>\n<\/div>\n\n\n\n<div class=\"wp-block-column is-layout-flow wp-block-column-is-layout-flow\" style=\"flex-basis:35%\">\n<h6 class=\"wp-block-heading\">Prof. Dr. Thorsten Papenbrock <\/h6>\n\n\n\n<p style=\"font-size:13px\">Department of Mathematics &amp; Computer Science Philipps-University of Marburg<\/p>\n<\/div>\n<\/div>\n\n\n\n<div class=\"wp-block-columns is-layout-flex wp-container-core-columns-is-layout-9d6595d7 wp-block-columns-is-layout-flex\">\n<div class=\"wp-block-column is-layout-flow wp-block-column-is-layout-flow\" style=\"flex-basis:15%\">\n<figure class=\"wp-block-image size-large is-resized\"><img loading=\"lazy\" decoding=\"async\" width=\"1024\" height=\"1024\" src=\"https:\/\/byte-challenge.de\/wp-content\/uploads\/2024\/03\/Tilman-Michaeli-1-1024x1024.png\" alt=\"\" class=\"wp-image-1626\" style=\"width:150px\" srcset=\"https:\/\/byte-challenge.de\/wp-content\/uploads\/2024\/03\/Tilman-Michaeli-1-1024x1024.png 1024w, https:\/\/byte-challenge.de\/wp-content\/uploads\/2024\/03\/Tilman-Michaeli-1-300x300.png 300w, https:\/\/byte-challenge.de\/wp-content\/uploads\/2024\/03\/Tilman-Michaeli-1-150x150.png 150w, https:\/\/byte-challenge.de\/wp-content\/uploads\/2024\/03\/Tilman-Michaeli-1-768x768.png 768w, https:\/\/byte-challenge.de\/wp-content\/uploads\/2024\/03\/Tilman-Michaeli-1-12x12.png 12w, https:\/\/byte-challenge.de\/wp-content\/uploads\/2024\/03\/Tilman-Michaeli-1-600x600.png 600w, https:\/\/byte-challenge.de\/wp-content\/uploads\/2024\/03\/Tilman-Michaeli-1-100x100.png 100w, https:\/\/byte-challenge.de\/wp-content\/uploads\/2024\/03\/Tilman-Michaeli-1.png 1080w\" sizes=\"auto, (max-width: 1024px) 100vw, 1024px\" \/><\/figure>\n<\/div>\n\n\n\n<div class=\"wp-block-column is-layout-flow wp-block-column-is-layout-flow\" style=\"flex-basis:35%\">\n<h6 class=\"wp-block-heading\">Prof. Dr. Tilman Michaeli<\/h6>\n\n\n\n<p class=\"has-small-font-size\">Professur Didaktik der Informatik | TUM School of Social Sciences and Technology<\/p>\n<\/div>\n\n\n\n<div class=\"wp-block-column is-layout-flow wp-block-column-is-layout-flow\" style=\"flex-basis:15%\">\n<figure class=\"wp-block-image size-large is-resized\"><img loading=\"lazy\" decoding=\"async\" width=\"1024\" height=\"1024\" src=\"https:\/\/byte-challenge.de\/wp-content\/uploads\/2024\/04\/Ute-Schmid-1024x1024.png\" alt=\"\" class=\"wp-image-1686\" style=\"width:150px\" srcset=\"https:\/\/byte-challenge.de\/wp-content\/uploads\/2024\/04\/Ute-Schmid-1024x1024.png 1024w, https:\/\/byte-challenge.de\/wp-content\/uploads\/2024\/04\/Ute-Schmid-300x300.png 300w, https:\/\/byte-challenge.de\/wp-content\/uploads\/2024\/04\/Ute-Schmid-150x150.png 150w, https:\/\/byte-challenge.de\/wp-content\/uploads\/2024\/04\/Ute-Schmid-768x768.png 768w, https:\/\/byte-challenge.de\/wp-content\/uploads\/2024\/04\/Ute-Schmid-12x12.png 12w, https:\/\/byte-challenge.de\/wp-content\/uploads\/2024\/04\/Ute-Schmid-600x600.png 600w, https:\/\/byte-challenge.de\/wp-content\/uploads\/2024\/04\/Ute-Schmid-100x100.png 100w, https:\/\/byte-challenge.de\/wp-content\/uploads\/2024\/04\/Ute-Schmid.png 1080w\" sizes=\"auto, (max-width: 1024px) 100vw, 1024px\" \/><\/figure>\n<\/div>\n\n\n\n<div class=\"wp-block-column is-layout-flow wp-block-column-is-layout-flow\" style=\"flex-basis:35%\">\n<h6 class=\"wp-block-heading\">Prof. Dr. Ute Schmid<\/h6>\n\n\n\n<p style=\"font-size:13px\">Lehrstuhl Kognitive Systeme | Otto-Friedrich-Universit\u00e4t Bamberg<\/p>\n<\/div>\n<\/div>\n\n\n\n<div style=\"height:15px\" aria-hidden=\"true\" class=\"wp-block-spacer\"><\/div>\n\n\n\n<div class=\"wp-block-columns is-layout-flex wp-container-core-columns-is-layout-9d6595d7 wp-block-columns-is-layout-flex\">\n<div class=\"wp-block-column is-layout-flow wp-block-column-is-layout-flow\" style=\"flex-basis:15%\">\n<figure class=\"wp-block-image size-large is-resized\"><img loading=\"lazy\" decoding=\"async\" width=\"1024\" height=\"1024\" src=\"https:\/\/byte-challenge.de\/wp-content\/uploads\/2025\/04\/Ina-Schieferdecker-1024x1024.png\" alt=\"\" class=\"wp-image-1882\" style=\"width:150px\" srcset=\"https:\/\/byte-challenge.de\/wp-content\/uploads\/2025\/04\/Ina-Schieferdecker-1024x1024.png 1024w, https:\/\/byte-challenge.de\/wp-content\/uploads\/2025\/04\/Ina-Schieferdecker-300x300.png 300w, https:\/\/byte-challenge.de\/wp-content\/uploads\/2025\/04\/Ina-Schieferdecker-150x150.png 150w, https:\/\/byte-challenge.de\/wp-content\/uploads\/2025\/04\/Ina-Schieferdecker-768x768.png 768w, https:\/\/byte-challenge.de\/wp-content\/uploads\/2025\/04\/Ina-Schieferdecker-12x12.png 12w, https:\/\/byte-challenge.de\/wp-content\/uploads\/2025\/04\/Ina-Schieferdecker-600x600.png 600w, https:\/\/byte-challenge.de\/wp-content\/uploads\/2025\/04\/Ina-Schieferdecker-100x100.png 100w, https:\/\/byte-challenge.de\/wp-content\/uploads\/2025\/04\/Ina-Schieferdecker.png 1080w\" sizes=\"auto, (max-width: 1024px) 100vw, 1024px\" \/><\/figure>\n<\/div>\n\n\n\n<div class=\"wp-block-column is-layout-flow wp-block-column-is-layout-flow\" style=\"flex-basis:35%\">\n<h6 class=\"wp-block-heading\">Prof. Dr.-Ing. Ina Schieferdecker<\/h6>\n\n\n\n<p class=\"has-small-font-size\">Enthuasiast for Digital Transformation and Transformation for Sustainability; Honorary Professor on Software-Based Innovations | TU Berlin<\/p>\n<\/div>\n\n\n\n<div class=\"wp-block-column is-layout-flow wp-block-column-is-layout-flow\" style=\"flex-basis:15%\">\n<figure class=\"wp-block-image size-large is-resized\"><img loading=\"lazy\" decoding=\"async\" width=\"1024\" height=\"1024\" src=\"https:\/\/byte-challenge.de\/wp-content\/uploads\/2024\/03\/Raphael-Wimmer-1-1024x1024.png\" alt=\"\" class=\"wp-image-1631\" style=\"width:150px\" srcset=\"https:\/\/byte-challenge.de\/wp-content\/uploads\/2024\/03\/Raphael-Wimmer-1-1024x1024.png 1024w, https:\/\/byte-challenge.de\/wp-content\/uploads\/2024\/03\/Raphael-Wimmer-1-300x300.png 300w, https:\/\/byte-challenge.de\/wp-content\/uploads\/2024\/03\/Raphael-Wimmer-1-150x150.png 150w, https:\/\/byte-challenge.de\/wp-content\/uploads\/2024\/03\/Raphael-Wimmer-1-768x768.png 768w, https:\/\/byte-challenge.de\/wp-content\/uploads\/2024\/03\/Raphael-Wimmer-1-12x12.png 12w, https:\/\/byte-challenge.de\/wp-content\/uploads\/2024\/03\/Raphael-Wimmer-1-600x600.png 600w, https:\/\/byte-challenge.de\/wp-content\/uploads\/2024\/03\/Raphael-Wimmer-1-100x100.png 100w, https:\/\/byte-challenge.de\/wp-content\/uploads\/2024\/03\/Raphael-Wimmer-1.png 1080w\" sizes=\"auto, (max-width: 1024px) 100vw, 1024px\" \/><\/figure>\n<\/div>\n\n\n\n<div class=\"wp-block-column is-layout-flow wp-block-column-is-layout-flow\" style=\"flex-basis:35%\">\n<h6 class=\"wp-block-heading\">PD Dr. Raphael Wimmer<\/h6>\n\n\n\n<p style=\"font-size:13px\">Akademischer Rat (LfbA), Lehrstuhl f\u00fcr Medieninformatik | Leiter der Forschungsgruppe \u201cPhysical-Digital Affordances\u201d | Universit\u00e4t Regensburg<\/p>\n<\/div>\n<\/div>\n\n\n\n<div class=\"wp-block-columns is-layout-flex wp-container-core-columns-is-layout-9d6595d7 wp-block-columns-is-layout-flex\">\n<div class=\"wp-block-column is-layout-flow wp-block-column-is-layout-flow\" style=\"flex-basis:15%\">\n<figure class=\"wp-block-image size-large is-resized\"><img loading=\"lazy\" decoding=\"async\" width=\"1024\" height=\"1024\" src=\"https:\/\/byte-challenge.de\/wp-content\/uploads\/2024\/03\/Joerg-Desel-1-1024x1024.png\" alt=\"\" class=\"wp-image-1624\" style=\"width:150px\" srcset=\"https:\/\/byte-challenge.de\/wp-content\/uploads\/2024\/03\/Joerg-Desel-1-1024x1024.png 1024w, https:\/\/byte-challenge.de\/wp-content\/uploads\/2024\/03\/Joerg-Desel-1-300x300.png 300w, https:\/\/byte-challenge.de\/wp-content\/uploads\/2024\/03\/Joerg-Desel-1-150x150.png 150w, https:\/\/byte-challenge.de\/wp-content\/uploads\/2024\/03\/Joerg-Desel-1-768x768.png 768w, https:\/\/byte-challenge.de\/wp-content\/uploads\/2024\/03\/Joerg-Desel-1-12x12.png 12w, https:\/\/byte-challenge.de\/wp-content\/uploads\/2024\/03\/Joerg-Desel-1-600x600.png 600w, https:\/\/byte-challenge.de\/wp-content\/uploads\/2024\/03\/Joerg-Desel-1-100x100.png 100w, https:\/\/byte-challenge.de\/wp-content\/uploads\/2024\/03\/Joerg-Desel-1.png 1080w\" sizes=\"auto, (max-width: 1024px) 100vw, 1024px\" \/><\/figure>\n<\/div>\n\n\n\n<div class=\"wp-block-column is-layout-flow wp-block-column-is-layout-flow\" style=\"flex-basis:35%\">\n<h6 class=\"wp-block-heading\">Prof. Dr. J\u00f6rg Desel<\/h6>\n\n\n\n<p class=\"has-small-font-size\">Lehrgebiet f\u00fcr Softwaretechnik und Theorie der Programmierung | FernUniversit\u00e4t in Hagen<\/p>\n<\/div>\n\n\n\n<div class=\"wp-block-column is-layout-flow wp-block-column-is-layout-flow\" style=\"flex-basis:15%\">\n<figure class=\"wp-block-image size-large is-resized\"><img loading=\"lazy\" decoding=\"async\" width=\"1024\" height=\"1024\" src=\"https:\/\/byte-challenge.de\/wp-content\/uploads\/2024\/03\/Moritz-Kreinsen-1-1024x1024.png\" alt=\"\" class=\"wp-image-1629\" style=\"width:150px\" srcset=\"https:\/\/byte-challenge.de\/wp-content\/uploads\/2024\/03\/Moritz-Kreinsen-1-1024x1024.png 1024w, https:\/\/byte-challenge.de\/wp-content\/uploads\/2024\/03\/Moritz-Kreinsen-1-300x300.png 300w, https:\/\/byte-challenge.de\/wp-content\/uploads\/2024\/03\/Moritz-Kreinsen-1-150x150.png 150w, https:\/\/byte-challenge.de\/wp-content\/uploads\/2024\/03\/Moritz-Kreinsen-1-768x768.png 768w, https:\/\/byte-challenge.de\/wp-content\/uploads\/2024\/03\/Moritz-Kreinsen-1-12x12.png 12w, https:\/\/byte-challenge.de\/wp-content\/uploads\/2024\/03\/Moritz-Kreinsen-1-600x600.png 600w, https:\/\/byte-challenge.de\/wp-content\/uploads\/2024\/03\/Moritz-Kreinsen-1-100x100.png 100w, https:\/\/byte-challenge.de\/wp-content\/uploads\/2024\/03\/Moritz-Kreinsen-1.png 1080w\" sizes=\"auto, (max-width: 1024px) 100vw, 1024px\" \/><\/figure>\n<\/div>\n\n\n\n<div class=\"wp-block-column is-layout-flow wp-block-column-is-layout-flow\" style=\"flex-basis:35%\">\n<h6 class=\"wp-block-heading\">Moritz Kreinsen, M.Ed.<\/h6>\n\n\n\n<p style=\"font-size:13px\">Wissenschaftlicher Mitarbeiter | Didaktik der Informatik | Universit\u00e4t Hamburg | Fakult\u00e4t f\u00fcr Erziehungswissenschaft | Didaktik der gesellschaftswissenschaftlichen und mathematisch-naturwissenschaftlichen F\u00e4cher<\/p>\n<\/div>\n<\/div>\n\n\n\n<div style=\"height:15px\" aria-hidden=\"true\" class=\"wp-block-spacer\"><\/div>\n\n\n\n<div style=\"height:15px\" aria-hidden=\"true\" class=\"wp-block-spacer\"><\/div>\n\n\n\n<div class=\"wp-block-columns is-layout-flex wp-container-core-columns-is-layout-9d6595d7 wp-block-columns-is-layout-flex\">\n<div class=\"wp-block-column is-layout-flow wp-block-column-is-layout-flow\" style=\"flex-basis:15%\">\n<figure class=\"wp-block-image size-large is-resized\"><img loading=\"lazy\" decoding=\"async\" width=\"1024\" height=\"1024\" src=\"https:\/\/byte-challenge.de\/wp-content\/uploads\/2024\/03\/Stephan-Drooff-1024x1024.png\" alt=\"\" class=\"wp-image-1630\" style=\"width:150px\" srcset=\"https:\/\/byte-challenge.de\/wp-content\/uploads\/2024\/03\/Stephan-Drooff-1024x1024.png 1024w, https:\/\/byte-challenge.de\/wp-content\/uploads\/2024\/03\/Stephan-Drooff-300x300.png 300w, https:\/\/byte-challenge.de\/wp-content\/uploads\/2024\/03\/Stephan-Drooff-150x150.png 150w, https:\/\/byte-challenge.de\/wp-content\/uploads\/2024\/03\/Stephan-Drooff-768x768.png 768w, https:\/\/byte-challenge.de\/wp-content\/uploads\/2024\/03\/Stephan-Drooff-12x12.png 12w, https:\/\/byte-challenge.de\/wp-content\/uploads\/2024\/03\/Stephan-Drooff-600x600.png 600w, https:\/\/byte-challenge.de\/wp-content\/uploads\/2024\/03\/Stephan-Drooff-100x100.png 100w, https:\/\/byte-challenge.de\/wp-content\/uploads\/2024\/03\/Stephan-Drooff.png 1080w\" sizes=\"auto, (max-width: 1024px) 100vw, 1024px\" \/><\/figure>\n<\/div>\n\n\n\n<div class=\"wp-block-column is-layout-flow wp-block-column-is-layout-flow\" style=\"flex-basis:35%\">\n<h6 class=\"wp-block-heading\">Stephan Drooff<\/h6>\n\n\n\n<p style=\"font-size:13px\">IT Service Omikron GmbH (ITSO)<\/p>\n<\/div>\n\n\n\n<div class=\"wp-block-column is-layout-flow wp-block-column-is-layout-flow\" style=\"flex-basis:15%\">\n<figure class=\"wp-block-image size-large is-resized\"><img loading=\"lazy\" decoding=\"async\" width=\"1024\" height=\"1024\" src=\"https:\/\/byte-challenge.de\/wp-content\/uploads\/2024\/03\/Martin-Wolf-1-1024x1024.png\" alt=\"\" class=\"wp-image-1625\" style=\"width:150px\" srcset=\"https:\/\/byte-challenge.de\/wp-content\/uploads\/2024\/03\/Martin-Wolf-1-1024x1024.png 1024w, https:\/\/byte-challenge.de\/wp-content\/uploads\/2024\/03\/Martin-Wolf-1-300x300.png 300w, https:\/\/byte-challenge.de\/wp-content\/uploads\/2024\/03\/Martin-Wolf-1-150x150.png 150w, https:\/\/byte-challenge.de\/wp-content\/uploads\/2024\/03\/Martin-Wolf-1-768x768.png 768w, https:\/\/byte-challenge.de\/wp-content\/uploads\/2024\/03\/Martin-Wolf-1-12x12.png 12w, https:\/\/byte-challenge.de\/wp-content\/uploads\/2024\/03\/Martin-Wolf-1-600x600.png 600w, https:\/\/byte-challenge.de\/wp-content\/uploads\/2024\/03\/Martin-Wolf-1-100x100.png 100w, https:\/\/byte-challenge.de\/wp-content\/uploads\/2024\/03\/Martin-Wolf-1.png 1080w\" sizes=\"auto, (max-width: 1024px) 100vw, 1024px\" \/><\/figure>\n<\/div>\n\n\n\n<div class=\"wp-block-column is-layout-flow wp-block-column-is-layout-flow\" style=\"flex-basis:35%\">\n<h6 class=\"wp-block-heading\">Prof. Dr.-Ing. Martin Wolf<\/h6>\n\n\n\n<p class=\"has-small-font-size\">Fachbereich 5 &#8211; Elektrotechnik und Informationstechnik FH Aachen<\/p>\n<\/div>\n<\/div>\n\n\n\n<div style=\"height:15px\" aria-hidden=\"true\" class=\"wp-block-spacer\"><\/div>\n\n\n\n<div class=\"wp-block-columns is-layout-flex wp-container-core-columns-is-layout-9d6595d7 wp-block-columns-is-layout-flex\">\n<div class=\"wp-block-column is-layout-flow wp-block-column-is-layout-flow\" style=\"flex-basis:15%\">\n<figure class=\"wp-block-image size-large is-resized\"><img loading=\"lazy\" decoding=\"async\" width=\"1024\" height=\"1024\" src=\"https:\/\/byte-challenge.de\/wp-content\/uploads\/2024\/03\/Michael-Schaub-1-1024x1024.png\" alt=\"\" class=\"wp-image-1627\" style=\"width:150px\" srcset=\"https:\/\/byte-challenge.de\/wp-content\/uploads\/2024\/03\/Michael-Schaub-1-1024x1024.png 1024w, https:\/\/byte-challenge.de\/wp-content\/uploads\/2024\/03\/Michael-Schaub-1-300x300.png 300w, https:\/\/byte-challenge.de\/wp-content\/uploads\/2024\/03\/Michael-Schaub-1-150x150.png 150w, https:\/\/byte-challenge.de\/wp-content\/uploads\/2024\/03\/Michael-Schaub-1-768x768.png 768w, https:\/\/byte-challenge.de\/wp-content\/uploads\/2024\/03\/Michael-Schaub-1-12x12.png 12w, https:\/\/byte-challenge.de\/wp-content\/uploads\/2024\/03\/Michael-Schaub-1-600x600.png 600w, https:\/\/byte-challenge.de\/wp-content\/uploads\/2024\/03\/Michael-Schaub-1-100x100.png 100w, https:\/\/byte-challenge.de\/wp-content\/uploads\/2024\/03\/Michael-Schaub-1.png 1080w\" sizes=\"auto, (max-width: 1024px) 100vw, 1024px\" \/><\/figure>\n<\/div>\n\n\n\n<div class=\"wp-block-column is-layout-flow wp-block-column-is-layout-flow\" style=\"flex-basis:35%\">\n<h6 class=\"wp-block-heading\">Prof. Michael Schaub, PhD<\/h6>\n\n\n\n<p class=\"has-small-font-size\">Juniorprofessur f\u00fcr Computational Network Science | RWTH Aachen University<\/p>\n<\/div>\n\n\n\n<div class=\"wp-block-column is-layout-flow wp-block-column-is-layout-flow\" style=\"flex-basis:15%\">\n<figure class=\"wp-block-image size-large is-resized\"><img loading=\"lazy\" decoding=\"async\" width=\"1024\" height=\"1024\" src=\"https:\/\/byte-challenge.de\/wp-content\/uploads\/2025\/04\/Empty-1024x1024.png\" alt=\"\" class=\"wp-image-1883\" style=\"width:150px\" srcset=\"https:\/\/byte-challenge.de\/wp-content\/uploads\/2025\/04\/Empty-1024x1024.png 1024w, https:\/\/byte-challenge.de\/wp-content\/uploads\/2025\/04\/Empty-300x300.png 300w, https:\/\/byte-challenge.de\/wp-content\/uploads\/2025\/04\/Empty-150x150.png 150w, https:\/\/byte-challenge.de\/wp-content\/uploads\/2025\/04\/Empty-768x768.png 768w, https:\/\/byte-challenge.de\/wp-content\/uploads\/2025\/04\/Empty-12x12.png 12w, https:\/\/byte-challenge.de\/wp-content\/uploads\/2025\/04\/Empty-600x600.png 600w, https:\/\/byte-challenge.de\/wp-content\/uploads\/2025\/04\/Empty-100x100.png 100w, https:\/\/byte-challenge.de\/wp-content\/uploads\/2025\/04\/Empty.png 1080w\" sizes=\"auto, (max-width: 1024px) 100vw, 1024px\" \/><\/figure>\n<\/div>\n\n\n\n<div class=\"wp-block-column is-layout-flow wp-block-column-is-layout-flow\" style=\"flex-basis:35%\">\n<h6 class=\"wp-block-heading\"><\/h6>\n\n\n\n<p style=\"font-size:13px\"><\/p>\n<\/div>\n<\/div>\n\n\n\n<p><br><br><\/p>\n\n\n\n<div class=\"wp-block-columns is-layout-flex wp-container-core-columns-is-layout-9d6595d7 wp-block-columns-is-layout-flex\">\n<div class=\"wp-block-column is-layout-flow wp-block-column-is-layout-flow\" style=\"flex-basis:25%\"><\/div>\n\n\n\n<div class=\"wp-block-column is-layout-flow wp-block-column-is-layout-flow\">\n<p><\/p>\n\n\n\n<p class=\"has-text-align-center\">Neue Mitglieder im Beirat sind stets willkommen, wir freuen uns \u00fcber weitere Unterst\u00fctzung.<\/p>\n<\/div>\n\n\n\n<div class=\"wp-block-column is-layout-flow wp-block-column-is-layout-flow\" style=\"flex-basis:25%\"><\/div>\n<\/div>\n\n\n\n<div class=\"wp-block-buttons is-content-justification-center is-layout-flex wp-container-core-buttons-is-layout-16018d1d wp-block-buttons-is-layout-flex\">\n<div class=\"wp-block-button is-style-outline is-style-outline--2\"><a class=\"wp-block-button__link has-black-color has-text-color has-background has-link-color wp-element-button\" href=\"https:\/\/byte-challenge.de\/en\/kontakt\/\" style=\"background-color:#00c2c5\" target=\"_blank\" rel=\"noreferrer noopener\"><strong>Contact<\/strong><\/a><\/div>\n<\/div>","protected":false},"excerpt":{"rendered":"<p>Der Beirat unterst\u00fctzt die BYTE Challenge durch Expertise und Erfahrung, akademische Begleitung von Projekt- und Abschlussarbeiten, Ideen und kritisches Feedback. Insbesondere begleitet der Beirat das Projekt in strategischen Ausrichtungen, Qualit\u00e4tssicherungsprozessen und bei wichtigen Entwicklungsschritten.<\/p>","protected":false},"author":1,"featured_media":0,"parent":0,"menu_order":0,"comment_status":"closed","ping_status":"closed","template":"","meta":{"footnotes":""},"class_list":["post-1604","page","type-page","status-publish","hentry"],"_links":{"self":[{"href":"https:\/\/byte-challenge.de\/en\/wp-json\/wp\/v2\/pages\/1604","targetHints":{"allow":["GET"]}}],"collection":[{"href":"https:\/\/byte-challenge.de\/en\/wp-json\/wp\/v2\/pages"}],"about":[{"href":"https:\/\/byte-challenge.de\/en\/wp-json\/wp\/v2\/types\/page"}],"author":[{"embeddable":true,"href":"https:\/\/byte-challenge.de\/en\/wp-json\/wp\/v2\/users\/1"}],"replies":[{"embeddable":true,"href":"https:\/\/byte-challenge.de\/en\/wp-json\/wp\/v2\/comments?post=1604"}],"version-history":[{"count":31,"href":"https:\/\/byte-challenge.de\/en\/wp-json\/wp\/v2\/pages\/1604\/revisions"}],"predecessor-version":[{"id":1888,"href":"https:\/\/byte-challenge.de\/en\/wp-json\/wp\/v2\/pages\/1604\/revisions\/1888"}],"wp:attachment":[{"href":"https:\/\/byte-challenge.de\/en\/wp-json\/wp\/v2\/media?parent=1604"}],"curies":[{"name":"wp","href":"https:\/\/api.w.org\/{rel}","templated":true}]}}