{"id":643,"date":"2022-09-16T13:43:35","date_gmt":"2022-09-16T13:43:35","guid":{"rendered":"https:\/\/byte-challenge.de\/?page_id=643"},"modified":"2024-03-29T20:22:02","modified_gmt":"2024-03-29T20:22:02","slug":"storyofbyte","status":"publish","type":"page","link":"https:\/\/byte-challenge.de\/en\/storyofbyte\/","title":{"rendered":""},"content":{"rendered":"<div class=\"wp-block-cover alignwide is-light\" style=\"min-height:416px;aspect-ratio:unset;\"><span aria-hidden=\"true\" class=\"wp-block-cover__background has-white-background-color has-background-dim-10 has-background-dim\"><\/span><img loading=\"lazy\" decoding=\"async\" width=\"1999\" height=\"797\" class=\"wp-block-cover__image-background wp-image-644\" alt=\"\" src=\"https:\/\/byte-challenge.de\/wp-content\/uploads\/2022\/09\/StoryOfByte.png\" style=\"object-position:10% 42%\" data-object-fit=\"cover\" data-object-position=\"10% 42%\" srcset=\"https:\/\/byte-challenge.de\/wp-content\/uploads\/2022\/09\/StoryOfByte.png 1999w, https:\/\/byte-challenge.de\/wp-content\/uploads\/2022\/09\/StoryOfByte-600x239.png 600w, https:\/\/byte-challenge.de\/wp-content\/uploads\/2022\/09\/StoryOfByte-300x120.png 300w, https:\/\/byte-challenge.de\/wp-content\/uploads\/2022\/09\/StoryOfByte-1024x408.png 1024w, https:\/\/byte-challenge.de\/wp-content\/uploads\/2022\/09\/StoryOfByte-768x306.png 768w, https:\/\/byte-challenge.de\/wp-content\/uploads\/2022\/09\/StoryOfByte-1536x612.png 1536w\" sizes=\"auto, (max-width: 1999px) 100vw, 1999px\" \/><div class=\"wp-block-cover__inner-container is-layout-flow wp-block-cover-is-layout-flow\">\n<div style=\"height:46px\" aria-hidden=\"true\" class=\"wp-block-spacer\"><\/div>\n\n\n\n<h1 class=\"wp-block-heading has-black-color has-text-color has-x-large-font-size\"><strong>The Story of BYTE<\/strong><\/h1>\n\n\n\n<div style=\"height:246px\" aria-hidden=\"true\" class=\"wp-block-spacer\"><\/div>\n<\/div><\/div>\n\n\n\n<div style=\"height:50px\" aria-hidden=\"true\" class=\"wp-block-spacer\"><\/div>\n\n\n\n<hr class=\"wp-block-separator has-alpha-channel-opacity is-style-wide\"\/>\n\n\n\n<div style=\"height:35px\" aria-hidden=\"true\" class=\"wp-block-spacer\"><\/div>\n\n\n\n<h2 class=\"wp-block-heading\">01 - The Founding<\/h2>\n\n\n\n<div class=\"wp-block-columns is-layout-flex wp-container-core-columns-is-layout-9d6595d7 wp-block-columns-is-layout-flex\">\n<div class=\"wp-block-column is-layout-flow wp-block-column-is-layout-flow\" style=\"flex-basis:75%\">\n<blockquote class=\"wp-block-quote is-layout-flow wp-block-quote-is-layout-flow\">\n<p>When I was still at school, I always enjoyed taking part in competitions. Not because I was particularly good, but because I enjoyed the experience together with my friends. Unfortunately, our favorite competition was canceled in 2013. Back then, we decided to take the whole thing into our own hands when we grew up. With the first lockdown, this idea came back to me and so the BYTE Challenge was born, together with Stefan Hildebrand. - Carolin Neumann<\/p>\n<cite>Jahresbericht der Gesellschaft f\u00fcr Informatik e.V. 2020\/21<\/cite><\/blockquote>\n\n\n\n<p>However, the BYTE Challenge was not a normal \"nerd competition\" but rather aimed to promote individual learning, especially in subject areas that students are only vaguely familiar with, such as Bitcoin, AI or Smart Homes. Completed courses are rewarded with so-called $Bits and $Bytes, which can then be exchanged for prizes such as T-shirts or stickers.<\/p>\n\n\n\n<h4 class=\"wp-block-heading\">We digitise digital natives, regardless of gender, social status and other factors!<\/h4>\n\n\n\n<p>Our aim is to improve digital STEM education not only throughout Germany, but worldwide, and to familiarise pupils with topics that are unfortunately often neglected in the classroom.<\/p>\n<\/div>\n\n\n\n<div class=\"wp-block-column is-layout-flow wp-block-column-is-layout-flow\"><\/div>\n<\/div>\n\n\n\n<div class=\"wp-block-columns is-layout-flex wp-container-core-columns-is-layout-9d6595d7 wp-block-columns-is-layout-flex\">\n<div class=\"wp-block-column is-layout-flow wp-block-column-is-layout-flow\"><div class=\"wp-block-image\">\n<figure class=\"aligncenter size-large\"><img loading=\"lazy\" decoding=\"async\" width=\"1024\" height=\"1024\" src=\"https:\/\/byte-challenge.de\/wp-content\/uploads\/2022\/09\/3-1-1024x1024.png\" alt=\"\" class=\"wp-image-669\" srcset=\"https:\/\/byte-challenge.de\/wp-content\/uploads\/2022\/09\/3-1-1024x1024.png 1024w, https:\/\/byte-challenge.de\/wp-content\/uploads\/2022\/09\/3-1-300x300.png 300w, https:\/\/byte-challenge.de\/wp-content\/uploads\/2022\/09\/3-1-100x100.png 100w, https:\/\/byte-challenge.de\/wp-content\/uploads\/2022\/09\/3-1-600x600.png 600w, https:\/\/byte-challenge.de\/wp-content\/uploads\/2022\/09\/3-1-150x150.png 150w, https:\/\/byte-challenge.de\/wp-content\/uploads\/2022\/09\/3-1-768x768.png 768w, https:\/\/byte-challenge.de\/wp-content\/uploads\/2022\/09\/3-1.png 1080w\" sizes=\"auto, (max-width: 1024px) 100vw, 1024px\" \/><figcaption class=\"wp-element-caption\">Digital education has a lot of work to catch up on in Germany.<\/figcaption><\/figure>\n<\/div><\/div>\n\n\n\n<div class=\"wp-block-column is-layout-flow wp-block-column-is-layout-flow\"><div class=\"wp-block-image\">\n<figure class=\"aligncenter size-large\"><img loading=\"lazy\" decoding=\"async\" width=\"1024\" height=\"1024\" src=\"https:\/\/byte-challenge.de\/wp-content\/uploads\/2022\/09\/4-1-1024x1024.png\" alt=\"\" class=\"wp-image-670\" srcset=\"https:\/\/byte-challenge.de\/wp-content\/uploads\/2022\/09\/4-1-1024x1024.png 1024w, https:\/\/byte-challenge.de\/wp-content\/uploads\/2022\/09\/4-1-300x300.png 300w, https:\/\/byte-challenge.de\/wp-content\/uploads\/2022\/09\/4-1-100x100.png 100w, https:\/\/byte-challenge.de\/wp-content\/uploads\/2022\/09\/4-1-600x600.png 600w, https:\/\/byte-challenge.de\/wp-content\/uploads\/2022\/09\/4-1-150x150.png 150w, https:\/\/byte-challenge.de\/wp-content\/uploads\/2022\/09\/4-1-768x768.png 768w, https:\/\/byte-challenge.de\/wp-content\/uploads\/2022\/09\/4-1.png 1080w\" sizes=\"auto, (max-width: 1024px) 100vw, 1024px\" \/><figcaption class=\"wp-element-caption\">Computer science is still not taught everywhere. Yet everyone uses smartphones and computers.<\/figcaption><\/figure>\n<\/div>\n\n\n<div class=\"wp-block-buttons is-content-justification-center is-layout-flex wp-container-core-buttons-is-layout-16018d1d wp-block-buttons-is-layout-flex\">\n<div class=\"wp-block-button is-style-outline is-style-outline--2\"><a class=\"wp-block-button__link wp-element-button\" href=\"https:\/\/informatik-monitor.de\/2023-24\" target=\"_blank\" rel=\"noreferrer noopener\">More information<\/a><\/div>\n<\/div>\n<\/div>\n\n\n\n<div class=\"wp-block-column is-layout-flow wp-block-column-is-layout-flow\"><div class=\"wp-block-image\">\n<figure class=\"aligncenter size-large\"><img loading=\"lazy\" decoding=\"async\" width=\"1024\" height=\"1024\" src=\"https:\/\/byte-challenge.de\/wp-content\/uploads\/2022\/09\/2-1-1024x1024.png\" alt=\"\" class=\"wp-image-671\" srcset=\"https:\/\/byte-challenge.de\/wp-content\/uploads\/2022\/09\/2-1-1024x1024.png 1024w, https:\/\/byte-challenge.de\/wp-content\/uploads\/2022\/09\/2-1-300x300.png 300w, https:\/\/byte-challenge.de\/wp-content\/uploads\/2022\/09\/2-1-100x100.png 100w, https:\/\/byte-challenge.de\/wp-content\/uploads\/2022\/09\/2-1-600x600.png 600w, https:\/\/byte-challenge.de\/wp-content\/uploads\/2022\/09\/2-1-150x150.png 150w, https:\/\/byte-challenge.de\/wp-content\/uploads\/2022\/09\/2-1-768x768.png 768w, https:\/\/byte-challenge.de\/wp-content\/uploads\/2022\/09\/2-1.png 1080w\" sizes=\"auto, (max-width: 1024px) 100vw, 1024px\" \/><figcaption class=\"wp-element-caption\">We need more girls and non-binaries in STEM!<\/figcaption><\/figure>\n<\/div><\/div>\n<\/div>\n\n\n\n<div style=\"height:60px\" aria-hidden=\"true\" class=\"wp-block-spacer\"><\/div>\n\n\n\n<hr class=\"wp-block-separator has-alpha-channel-opacity is-style-wide\"\/>\n\n\n\n<div style=\"height:35px\" aria-hidden=\"true\" class=\"wp-block-spacer\"><\/div>\n\n\n\n<h2 class=\"wp-block-heading\">02 - BYTE'21 - A 3-month competition <\/h2>\n\n\n\n<div style=\"height:20px\" aria-hidden=\"true\" class=\"wp-block-spacer\"><\/div>\n\n\n\n<div class=\"wp-block-columns is-layout-flex wp-container-core-columns-is-layout-9d6595d7 wp-block-columns-is-layout-flex\">\n<div class=\"wp-block-column is-layout-flow wp-block-column-is-layout-flow\" style=\"flex-basis:75%\">\n<p>The competition consisted of online seminars, technology immersion courses &amp; scratch courses. Our online seminars are still available on our YouTube channel. Some have also been turned into new courses. The technique immersion &amp; scratch courses are also available in our BYTE platform. <\/p>\n<\/div>\n\n\n\n<div class=\"wp-block-column is-layout-flow wp-block-column-is-layout-flow\" style=\"flex-basis:25%\">\n<p><\/p>\n<\/div>\n<\/div>\n\n\n\n<div class=\"wp-block-columns is-layout-flex wp-container-core-columns-is-layout-9d6595d7 wp-block-columns-is-layout-flex\">\n<div class=\"wp-block-column is-layout-flow wp-block-column-is-layout-flow\">\n<figure class=\"wp-block-video aligncenter\"><video height=\"720\" style=\"aspect-ratio: 1280 \/ 720;\" width=\"1280\" controls poster=\"https:\/\/byte-challenge.de\/wp-content\/uploads\/2022\/09\/byte-trailer-1.png\" src=\"https:\/\/byte-challenge.de\/wp-content\/uploads\/2022\/09\/BYTE_Challenge_HUAWEI_FINAL_small.mp4\"><\/video><\/figure>\n\n\n\n<p>The competition opened on 18 March 2021 with 300 live participants.<\/p>\n\n\n\n<div class=\"wp-block-buttons is-layout-flex wp-block-buttons-is-layout-flex\">\n<div class=\"wp-block-button is-style-outline is-style-outline--3\"><a class=\"wp-block-button__link wp-element-button\" href=\"https:\/\/youtu.be\/fnb1-0IPXww?t=105\" target=\"_blank\" rel=\"noreferrer noopener\"><strong>Watch now<\/strong><\/a><\/div>\n<\/div>\n<\/div>\n\n\n\n<div class=\"wp-block-column is-layout-flow wp-block-column-is-layout-flow\">\n<figure class=\"wp-block-video aligncenter\"><video height=\"720\" style=\"aspect-ratio: 1280 \/ 720;\" width=\"1280\" controls poster=\"https:\/\/byte-challenge.de\/wp-content\/uploads\/2022\/09\/byte-abschlussveranstaltung.png\" src=\"https:\/\/byte-challenge.de\/wp-content\/uploads\/2022\/09\/1_TRAILER-NEU.mp4\"><\/video><\/figure>\n\n\n\n<p>The closing event took place live on Digital Day 2021. Special prizes were awarded and special achievements honoured. <\/p>\n\n\n\n<div class=\"wp-block-buttons is-layout-flex wp-block-buttons-is-layout-flex\">\n<div class=\"wp-block-button is-style-outline is-style-outline--4\"><a class=\"wp-block-button__link wp-element-button\" href=\"https:\/\/youtu.be\/SxmVP9iIQ8w?t=45\" target=\"_blank\" rel=\"noreferrer noopener\"><strong>Watch now<\/strong><\/a><\/div>\n<\/div>\n<\/div>\n\n\n\n<div class=\"wp-block-column is-layout-flow wp-block-column-is-layout-flow\"><div class=\"wp-block-image\">\n<figure class=\"aligncenter size-large is-resized\"><img loading=\"lazy\" decoding=\"async\" width=\"1440\" height=\"1080\" src=\"https:\/\/byte-challenge.de\/wp-content\/uploads\/2024\/03\/Corona-Defender1-edited.png\" alt=\"\" class=\"wp-image-1524\" style=\"width:332px;height:auto\" srcset=\"https:\/\/byte-challenge.de\/wp-content\/uploads\/2024\/03\/Corona-Defender1-edited.png 1440w, https:\/\/byte-challenge.de\/wp-content\/uploads\/2024\/03\/Corona-Defender1-edited-300x225.png 300w, https:\/\/byte-challenge.de\/wp-content\/uploads\/2024\/03\/Corona-Defender1-edited-1024x768.png 1024w, https:\/\/byte-challenge.de\/wp-content\/uploads\/2024\/03\/Corona-Defender1-edited-768x576.png 768w, https:\/\/byte-challenge.de\/wp-content\/uploads\/2024\/03\/Corona-Defender1-edited-16x12.png 16w, https:\/\/byte-challenge.de\/wp-content\/uploads\/2024\/03\/Corona-Defender1-edited-600x450.png 600w\" sizes=\"auto, (max-width: 1440px) 100vw, 1440px\" \/><\/figure>\n<\/div>\n\n\n<p>The Corona Defender was submitted by Tom P. in 2021.<\/p>\n\n\n\n<div class=\"wp-block-buttons is-layout-flex wp-block-buttons-is-layout-flex\">\n<div class=\"wp-block-button is-style-outline is-style-outline--5\"><a class=\"wp-block-button__link wp-element-button\" href=\"https:\/\/scratch.mit.edu\/projects\/732280703\" target=\"_blank\" rel=\"noreferrer noopener\"><strong>Defeat Corona<\/strong><\/a><\/div>\n<\/div>\n<\/div>\n<\/div>\n\n\n\n<div style=\"height:20px\" aria-hidden=\"true\" class=\"wp-block-spacer\"><\/div>\n\n\n\n<h3 class=\"wp-block-heading\">Participants become volunteers<\/h3>\n\n\n\n<div style=\"height:15px\" aria-hidden=\"true\" class=\"wp-block-spacer\"><\/div>\n\n\n\n<div class=\"wp-block-columns is-layout-flex wp-container-core-columns-is-layout-9d6595d7 wp-block-columns-is-layout-flex\">\n<div class=\"wp-block-column is-layout-flow wp-block-column-is-layout-flow\" style=\"flex-basis:33%\">\n<blockquote class=\"wp-block-quote is-layout-flow wp-block-quote-is-layout-flow\"><div class=\"wp-block-image\">\n<figure class=\"aligncenter size-large is-resized\"><img loading=\"lazy\" decoding=\"async\" width=\"1024\" height=\"1024\" src=\"https:\/\/byte-challenge.de\/wp-content\/uploads\/2022\/09\/emilia2-1024x1024.png\" alt=\"\" class=\"wp-image-668\" style=\"object-fit:cover;width:250px;height:250px\" srcset=\"https:\/\/byte-challenge.de\/wp-content\/uploads\/2022\/09\/emilia2-1024x1024.png 1024w, https:\/\/byte-challenge.de\/wp-content\/uploads\/2022\/09\/emilia2-300x300.png 300w, https:\/\/byte-challenge.de\/wp-content\/uploads\/2022\/09\/emilia2-100x100.png 100w, https:\/\/byte-challenge.de\/wp-content\/uploads\/2022\/09\/emilia2-600x600.png 600w, https:\/\/byte-challenge.de\/wp-content\/uploads\/2022\/09\/emilia2-150x150.png 150w, https:\/\/byte-challenge.de\/wp-content\/uploads\/2022\/09\/emilia2-768x768.png 768w, https:\/\/byte-challenge.de\/wp-content\/uploads\/2022\/09\/emilia2.png 1080w\" sizes=\"auto, (max-width: 1024px) 100vw, 1024px\" \/><\/figure>\n<\/div>\n\n\n<p>BYTE sparked my passion for STEM subjects and my enjoyment of online learning. It was a special experience that I can only wish for everyone. That's why I decided to help shape this great project.<\/p>\n<cite>Emilia Sommer, BYTE Challenge 2021 participant, now Team Leader<\/cite><\/blockquote>\n<\/div>\n\n\n\n<div class=\"wp-block-column is-layout-flow wp-block-column-is-layout-flow\" style=\"flex-basis:33%\">\n<blockquote class=\"wp-block-quote is-layout-flow wp-block-quote-is-layout-flow\"><div class=\"wp-block-image\">\n<figure class=\"aligncenter size-large is-resized\"><img loading=\"lazy\" decoding=\"async\" width=\"1024\" height=\"1024\" src=\"https:\/\/byte-challenge.de\/wp-content\/uploads\/2022\/09\/Luke-1024x1024.png\" alt=\"\" class=\"wp-image-728\" style=\"object-fit:cover;width:250px;height:250px\" srcset=\"https:\/\/byte-challenge.de\/wp-content\/uploads\/2022\/09\/Luke-1024x1024.png 1024w, https:\/\/byte-challenge.de\/wp-content\/uploads\/2022\/09\/Luke-300x300.png 300w, https:\/\/byte-challenge.de\/wp-content\/uploads\/2022\/09\/Luke-100x100.png 100w, https:\/\/byte-challenge.de\/wp-content\/uploads\/2022\/09\/Luke-600x600.png 600w, https:\/\/byte-challenge.de\/wp-content\/uploads\/2022\/09\/Luke-150x150.png 150w, https:\/\/byte-challenge.de\/wp-content\/uploads\/2022\/09\/Luke-768x768.png 768w, https:\/\/byte-challenge.de\/wp-content\/uploads\/2022\/09\/Luke.png 1080w\" sizes=\"auto, (max-width: 1024px) 100vw, 1024px\" \/><\/figure>\n<\/div>\n\n\n<p>BYTE has fascinated and inspired me from the very beginning - I think it's great to bring the digital world closer to the younger generation on a voluntary basis.<\/p>\n<cite>Luke J., participant of the BYTE Challenge 2021, today Videographer &amp; Course Creator<\/cite><\/blockquote>\n<\/div>\n\n\n\n<div class=\"wp-block-column is-layout-flow wp-block-column-is-layout-flow\" style=\"flex-basis:33%\">\n<blockquote class=\"wp-block-quote is-layout-flow wp-block-quote-is-layout-flow\">\n<figure class=\"wp-block-image size-large is-resized\"><img loading=\"lazy\" decoding=\"async\" width=\"1024\" height=\"1024\" src=\"https:\/\/byte-challenge.de\/wp-content\/uploads\/2022\/09\/13-1024x1024.png\" alt=\"\" class=\"wp-image-717\" style=\"object-fit:cover;width:250px;height:250px\" srcset=\"https:\/\/byte-challenge.de\/wp-content\/uploads\/2022\/09\/13-1024x1024.png 1024w, https:\/\/byte-challenge.de\/wp-content\/uploads\/2022\/09\/13-300x300.png 300w, https:\/\/byte-challenge.de\/wp-content\/uploads\/2022\/09\/13-100x100.png 100w, https:\/\/byte-challenge.de\/wp-content\/uploads\/2022\/09\/13-600x600.png 600w, https:\/\/byte-challenge.de\/wp-content\/uploads\/2022\/09\/13-150x150.png 150w, https:\/\/byte-challenge.de\/wp-content\/uploads\/2022\/09\/13-768x768.png 768w, https:\/\/byte-challenge.de\/wp-content\/uploads\/2022\/09\/13.png 1080w\" sizes=\"auto, (max-width: 1024px) 100vw, 1024px\" \/><\/figure>\n\n\n\n<p>The team and the project continue to grow, which is why we are always on the lookout for new talent. For example, former BYTE'21 participants are actively developing our course landscape. Without their input, directly from the right target group, and their active participation, BYTE would still be a long way off. We are proud to lead such a strong team. - Stefan Hildebrand<\/p>\n<cite>Annual report of the German Informatics Society e.V. 2021\/22<\/cite><\/blockquote>\n<\/div>\n<\/div>\n\n\n\n<hr class=\"wp-block-separator has-alpha-channel-opacity is-style-wide\"\/>\n\n\n\n<div style=\"height:35px\" aria-hidden=\"true\" class=\"wp-block-spacer\"><\/div>\n\n\n\n<h2 class=\"wp-block-heading\">03 - BYTE Challenge the learning platform<\/h2>\n\n\n\n<div style=\"height:20px\" aria-hidden=\"true\" class=\"wp-block-spacer\"><\/div>\n\n\n\n<div class=\"wp-block-columns is-layout-flex wp-container-core-columns-is-layout-9d6595d7 wp-block-columns-is-layout-flex\">\n<div class=\"wp-block-column is-layout-flow wp-block-column-is-layout-flow\" style=\"flex-basis:75%\">\n<p>The feedback from teachers in 2021 was that an <strong>all year round offer<\/strong> would make more sense from a didactic point of view than a 3-month competition. BYTE has now evolved into a digital learning platform for students and teachers. Our courses are available to all pupils across Europe. They can now learn fun topics in a self-determined way and are also rewarded.<\/p>\n\n\n\n<p><strong>No prior knowledge is required to participate.<\/strong>.<\/p>\n<\/div>\n\n\n\n<div class=\"wp-block-column is-layout-flow wp-block-column-is-layout-flow\" style=\"flex-basis:25%\">\n<p><\/p>\n<\/div>\n<\/div>\n\n\n\n<div class=\"wp-block-columns is-layout-flex wp-container-core-columns-is-layout-9d6595d7 wp-block-columns-is-layout-flex\">\n<div class=\"wp-block-column is-layout-flow wp-block-column-is-layout-flow\" style=\"flex-basis:50%\"><div class=\"wp-block-image\">\n<figure class=\"aligncenter size-large is-resized\"><img loading=\"lazy\" decoding=\"async\" width=\"1024\" height=\"1024\" src=\"https:\/\/byte-challenge.de\/wp-content\/uploads\/2022\/09\/BYTE22-1024x1024.png\" alt=\"\" class=\"wp-image-707\" style=\"width:350px\" srcset=\"https:\/\/byte-challenge.de\/wp-content\/uploads\/2022\/09\/BYTE22-1024x1024.png 1024w, https:\/\/byte-challenge.de\/wp-content\/uploads\/2022\/09\/BYTE22-300x300.png 300w, https:\/\/byte-challenge.de\/wp-content\/uploads\/2022\/09\/BYTE22-100x100.png 100w, https:\/\/byte-challenge.de\/wp-content\/uploads\/2022\/09\/BYTE22-600x600.png 600w, https:\/\/byte-challenge.de\/wp-content\/uploads\/2022\/09\/BYTE22-150x150.png 150w, https:\/\/byte-challenge.de\/wp-content\/uploads\/2022\/09\/BYTE22-768x768.png 768w, https:\/\/byte-challenge.de\/wp-content\/uploads\/2022\/09\/BYTE22.png 1080w\" sizes=\"auto, (max-width: 1024px) 100vw, 1024px\" \/><\/figure>\n<\/div>\n\n\n<p class=\"has-text-align-center\">Our new badges with the theme area as a colour code, difficulty level display and our new mascot \"Bitsy\".<\/p>\n<\/div>\n\n\n\n<div class=\"wp-block-column is-layout-flow wp-block-column-is-layout-flow\" style=\"flex-basis:50%\"><div class=\"wp-block-image\">\n<figure class=\"aligncenter size-large is-resized\"><img loading=\"lazy\" decoding=\"async\" width=\"1024\" height=\"1024\" src=\"https:\/\/byte-challenge.de\/wp-content\/uploads\/2022\/09\/Plattform-1024x1024.png\" alt=\"\" class=\"wp-image-700\" style=\"width:350px\" srcset=\"https:\/\/byte-challenge.de\/wp-content\/uploads\/2022\/09\/Plattform-1024x1024.png 1024w, https:\/\/byte-challenge.de\/wp-content\/uploads\/2022\/09\/Plattform-300x300.png 300w, https:\/\/byte-challenge.de\/wp-content\/uploads\/2022\/09\/Plattform-100x100.png 100w, https:\/\/byte-challenge.de\/wp-content\/uploads\/2022\/09\/Plattform-600x600.png 600w, https:\/\/byte-challenge.de\/wp-content\/uploads\/2022\/09\/Plattform-150x150.png 150w, https:\/\/byte-challenge.de\/wp-content\/uploads\/2022\/09\/Plattform-768x768.png 768w, https:\/\/byte-challenge.de\/wp-content\/uploads\/2022\/09\/Plattform.png 1080w\" sizes=\"auto, (max-width: 1024px) 100vw, 1024px\" \/><\/figure>\n<\/div>\n\n\n<p class=\"has-text-align-center\">An insight into our BYTE platform, based on Moodle.<\/p>\n<\/div>\n<\/div>\n\n\n\n<hr class=\"wp-block-separator has-alpha-channel-opacity is-style-wide\"\/>\n\n\n\n<div style=\"height:35px\" aria-hidden=\"true\" class=\"wp-block-spacer\"><\/div>\n\n\n\n<h2 class=\"wp-block-heading\">Ausblick: BYTE Kurs Digitale Bildung in Deutschland<\/h2>\n\n\n\n<div class=\"wp-block-columns is-layout-flex wp-container-core-columns-is-layout-9d6595d7 wp-block-columns-is-layout-flex\">\n<div class=\"wp-block-column is-layout-flow wp-block-column-is-layout-flow\" style=\"flex-basis:75%\">\n<p>Wie steht es eigentlich um die digitale Bildung in Deutschland?<br>Wie viel Prozent der Schulen sind tats\u00e4chlich digital ausgestattet?<br>Bieten alle Bundesl\u00e4nder Informatikunterricht an? <br>Wie steht es um Weiterbildungsangebote f\u00fcr Lehrer\/innen?<\/p>\n\n\n\n<div class=\"wp-block-buttons is-layout-flex wp-block-buttons-is-layout-flex\">\n<div class=\"wp-block-button is-style-outline is-style-outline--6\"><a class=\"wp-block-button__link wp-element-button\" href=\"https:\/\/moodle1.byte-challenge.de\/moodle\/course\/view.php?id=2357\" target=\"_blank\" rel=\"noreferrer noopener\">Zum Kurs Digitale Bildung in Deutschland<\/a><\/div>\n<\/div>\n<\/div>\n\n\n\n<div class=\"wp-block-column is-layout-flow wp-block-column-is-layout-flow\" style=\"flex-basis:25%\">\n<figure class=\"wp-block-image size-large is-resized\"><img loading=\"lazy\" decoding=\"async\" width=\"1018\" height=\"1024\" src=\"https:\/\/byte-challenge.de\/wp-content\/uploads\/2024\/03\/Badge-Digitale-Bildung-in-Deutschland-1018x1024.png\" alt=\"\" class=\"wp-image-1674\" style=\"width:150px\" srcset=\"https:\/\/byte-challenge.de\/wp-content\/uploads\/2024\/03\/Badge-Digitale-Bildung-in-Deutschland-1018x1024.png 1018w, https:\/\/byte-challenge.de\/wp-content\/uploads\/2024\/03\/Badge-Digitale-Bildung-in-Deutschland-298x300.png 298w, https:\/\/byte-challenge.de\/wp-content\/uploads\/2024\/03\/Badge-Digitale-Bildung-in-Deutschland-150x150.png 150w, https:\/\/byte-challenge.de\/wp-content\/uploads\/2024\/03\/Badge-Digitale-Bildung-in-Deutschland-768x772.png 768w, https:\/\/byte-challenge.de\/wp-content\/uploads\/2024\/03\/Badge-Digitale-Bildung-in-Deutschland-12x12.png 12w, https:\/\/byte-challenge.de\/wp-content\/uploads\/2024\/03\/Badge-Digitale-Bildung-in-Deutschland-600x603.png 600w, https:\/\/byte-challenge.de\/wp-content\/uploads\/2024\/03\/Badge-Digitale-Bildung-in-Deutschland-100x100.png 100w, https:\/\/byte-challenge.de\/wp-content\/uploads\/2024\/03\/Badge-Digitale-Bildung-in-Deutschland.png 1418w\" sizes=\"auto, (max-width: 1018px) 100vw, 1018px\" \/><\/figure>\n<\/div>\n<\/div>","protected":false},"excerpt":{"rendered":"<p>01 &#8211; Die Gr\u00fcndung Als ich noch zur Schule ging, habe ich immer gerne an Wettbewerben teilgenommen. Nicht weil ich besonders gut war, sondern weil mir die Erfahrung, gemeinsam mit &#8230;<\/p>","protected":false},"author":1,"featured_media":0,"parent":0,"menu_order":0,"comment_status":"closed","ping_status":"closed","template":"","meta":{"footnotes":""},"class_list":["post-643","page","type-page","status-publish","hentry"],"_links":{"self":[{"href":"https:\/\/byte-challenge.de\/en\/wp-json\/wp\/v2\/pages\/643","targetHints":{"allow":["GET"]}}],"collection":[{"href":"https:\/\/byte-challenge.de\/en\/wp-json\/wp\/v2\/pages"}],"about":[{"href":"https:\/\/byte-challenge.de\/en\/wp-json\/wp\/v2\/types\/page"}],"author":[{"embeddable":true,"href":"https:\/\/byte-challenge.de\/en\/wp-json\/wp\/v2\/users\/1"}],"replies":[{"embeddable":true,"href":"https:\/\/byte-challenge.de\/en\/wp-json\/wp\/v2\/comments?post=643"}],"version-history":[{"count":60,"href":"https:\/\/byte-challenge.de\/en\/wp-json\/wp\/v2\/pages\/643\/revisions"}],"predecessor-version":[{"id":1684,"href":"https:\/\/byte-challenge.de\/en\/wp-json\/wp\/v2\/pages\/643\/revisions\/1684"}],"wp:attachment":[{"href":"https:\/\/byte-challenge.de\/en\/wp-json\/wp\/v2\/media?parent=643"}],"curies":[{"name":"wp","href":"https:\/\/api.w.org\/{rel}","templated":true}]}}