{"id":17,"date":"2021-11-07T19:10:49","date_gmt":"2021-11-07T19:10:49","guid":{"rendered":"https:\/\/contact.bytechallenge.de\/?page_id=17"},"modified":"2026-02-03T20:01:24","modified_gmt":"2026-02-03T20:01:24","slug":"impressum","status":"publish","type":"page","link":"https:\/\/byte-challenge.de\/uk\/impressum\/","title":{"rendered":"\u0412\u0438\u0445\u0456\u0434\u043d\u0456 \u0434\u0430\u043d\u0456"},"content":{"rendered":"<h1 class=\"wp-block-heading\">\u0412\u0438\u0445\u0456\u0434\u043d\u0456 \u0434\u0430\u043d\u0456<\/h1>\n\n\n\n<p class=\"has-text-align-left\">BYTE Challenge - \u0446\u0435 \u043f\u0440\u043e\u0435\u043a\u0442 Gesellschaft f\u00fcr Informatik e.V.<\/p>\n\n\n\n<p class=\"has-text-align-left\"><strong>Kontakt BYTE Challenge:\u00a0<\/strong><a href=\"mailto:info@byte-challenge.de\">info@byte-challenge.de<\/a><\/p>\n\n\n\n<p><\/p>\n\n\n\n<p class=\"has-text-align-left\"><strong><strong>Gesellschaft f\u00fcr Informatik e.V. (GI)<\/strong><\/strong><br>Weydingerstra\u00dfe 14-16 | 10178 Berlin<br>Tel. +49 30 240 09-805 | E-Mail: <a href=\"mailto:berlin@gi.de\" target=\"_blank\" rel=\"noreferrer noopener\">berlin@gi.de<\/a><br>Vereinsregister Bonn 3429 | USt &#8211; IdNr. DE122273104 <br>Pr\u00e4sident: Prof. Dr. Martin R. Wolf | Gesch\u00e4ftsf\u00fchrung: Cornelia Winter, Daniel Krupka<\/p>\n\n\n\n<p class=\"has-text-align-left\">Das vollst\u00e4ndige Impressum ist auf der GI-Webseite zu finden:<br><a href=\"https:\/\/gi.de\/impressum\">https:\/\/gi.de\/impressum<\/a><\/p>\n\n\n\n<p><\/p>","protected":false},"excerpt":{"rendered":"<p>Impressum Die BYTE Challenge ist ein Projekt der Gesellschaft f\u00fcr Informatik e.V. Kontakt BYTE Challenge:\u00a0info@byte-challenge.de Gesellschaft f\u00fcr Informatik e.V. (GI)Weydingerstra\u00dfe 14-16 | 10178 BerlinTel. +49 30 240 09-805 | E-Mail: &#8230;<\/p>","protected":false},"author":1,"featured_media":0,"parent":0,"menu_order":0,"comment_status":"closed","ping_status":"closed","template":"","meta":{"footnotes":""},"class_list":["post-17","page","type-page","status-publish","hentry"],"_links":{"self":[{"href":"https:\/\/byte-challenge.de\/uk\/wp-json\/wp\/v2\/pages\/17","targetHints":{"allow":["GET"]}}],"collection":[{"href":"https:\/\/byte-challenge.de\/uk\/wp-json\/wp\/v2\/pages"}],"about":[{"href":"https:\/\/byte-challenge.de\/uk\/wp-json\/wp\/v2\/types\/page"}],"author":[{"embeddable":true,"href":"https:\/\/byte-challenge.de\/uk\/wp-json\/wp\/v2\/users\/1"}],"replies":[{"embeddable":true,"href":"https:\/\/byte-challenge.de\/uk\/wp-json\/wp\/v2\/comments?post=17"}],"version-history":[{"count":7,"href":"https:\/\/byte-challenge.de\/uk\/wp-json\/wp\/v2\/pages\/17\/revisions"}],"predecessor-version":[{"id":2147,"href":"https:\/\/byte-challenge.de\/uk\/wp-json\/wp\/v2\/pages\/17\/revisions\/2147"}],"wp:attachment":[{"href":"https:\/\/byte-challenge.de\/uk\/wp-json\/wp\/v2\/media?parent=17"}],"curies":[{"name":"wp","href":"https:\/\/api.w.org\/{rel}","templated":true}]}}