{"id":288,"date":"2022-04-13T05:23:08","date_gmt":"2022-04-13T05:23:08","guid":{"rendered":"https:\/\/byte-challenge.de\/?page_id=288"},"modified":"2025-08-06T19:25:44","modified_gmt":"2025-08-06T19:25:44","slug":"nutzungsbedingungen-fuer-schulen","status":"publish","type":"page","link":"https:\/\/byte-challenge.de\/uk\/nutzungsbedingungen-fuer-schulen\/","title":{"rendered":"Nutzungsbedingungen f\u00fcr Schulen"},"content":{"rendered":"<p>BYTE Challenge \u2013 Nutzungsbedingungen f\u00fcr die Anmeldung von Schulen<\/p>\n\n\n\n<p><strong>Pr\u00e4ambel<\/strong><\/p>\n\n\n\n<p>Die BYTE Challenge ist ein Projekt der Gesellschaft f\u00fcr Informatik e.V. unterst\u00fctzt durch ehrenamtliches Engagement und Spenden zur F\u00f6rderung der Digitalkompetenz junger Menschen und insbesondere Sch\u00fcler*innen. So richtet sich das Angebot sowohl an Schulen zur Teilnahme ganzer Klassen als auch an Einzelpersonen.<\/p>\n\n\n\n<ol style=\"list-style-type:1\" class=\"wp-block-list\">\n<li><strong>Gegenstand der Nutzungsbedingungen<\/strong>\n<ol class=\"wp-block-list\">\n<li>Diese Nutzungsbedingungen gelten f\u00fcr die Verwendung der BYTE Challenge durch Schulen \u00fcber die sog. \u201eKlassenregistrierung\u201c. F\u00fcr die Registrierung und Teilnahme an der BYTE Challenge von nat\u00fcrlichen Personen (z.B. Sch\u00fcler*innen, Einzelpersonen), finden gesonderte, von diesen Nutzungsbedingungen abweichende Bedingungen Anwendung <a href=\"https:\/\/byte-challenge.de\/uk\/nutzungsbedingungen-fuer-schuelerinnen\/\" target=\"_blank\" rel=\"noreferrer noopener\">https:\/\/byte-challenge.de\/nutzungsbedingungen-fuer-schuelerinnen\/<\/a>, <a href=\"https:\/\/byte-challenge.de\/uk\/nutzungsbedingungen-fuer-studierende-und-auszubildende\/\" target=\"_blank\" rel=\"noreferrer noopener\">https:\/\/byte-challenge.de\/nutzungsbedingungen-fuer-studierende-und-auszubildende\/<\/a>.<\/li>\n\n\n\n<li>Die f\u00fcr den Vertragsschluss zur Verf\u00fcgung stehende Sprache ist ausschlie\u00dflich Deutsch. \u00dcbersetzungen dieser Nutzungsbedingungen in andere Sprachen dienen lediglich zu Ihrer Information. Bei etwaigen Unterschieden zwischen den Sprachfassungen hat der deutsche Text Vorrang. Das Angebot der BYTE Challenge ist prim\u00e4r an deutschsprachige Teilnehmer*innen, aber auch an Teilnehmer*innen aus der Europ\u00e4ischen Union gerichtet.<\/li>\n<\/ol>\n<\/li>\n\n\n\n<li><strong>Registrierung der Schule: Vertragsschluss und technische Schritte bis zum Vertragsschluss<\/strong>\n<ol class=\"wp-block-list\">\n<li>Ein Vertrag \u00fcber die unentgeltliche Bereitstellung der BYTE Challenge f\u00fcr die Anmeldung und Nutzung ganzer Klassen kommt zwischen dem Tr\u00e4ger der jeweiligen Schule (im Folgenden: \u201eSchule\u201c oder \u201eSie\u201c) und der Gesellschaft f\u00fcr Informatik e.V., Ahrstra\u00dfe 45, 53175 Bonn (im Folgenden: \u201eGI\u201c oder \u201ewir\u201c) zustande. Kontakt zur GI kann \u00fcber <a href=\"mailto:registrierung@byte-challenge.de\" target=\"_blank\" rel=\"noreferrer noopener\">registrierung@byte-challenge.de<\/a> aufgenommen werden.<\/li>\n\n\n\n<li>Die Registrierung einer Schule zur Teilnahme an der BYTE Challenge und damit der Abschluss eines Vertrages zur unentgeltlichen Bereitstellung des Angebots der BYTE Challenge erfolgt nach den nachfolgenden Schritten:\n<ol class=\"wp-block-list\">\n<li>Eine f\u00fcr die Schule vertretungsberechtigte Person initiiert die Registrierung ihrer Schule unter Angabe ihres Namens, ihrer (dienstlichen) E-Mail-Adresse \/ Schulleitungs-E-Mail-Adresse, der Schule und Schul-Adresse sowie der teilnehmenden Lehrkr\u00e4fte inkl. deren (dienstlicher) E-Mail-Adressen.<\/li>\n\n\n\n<li>Die Daten werden passend in den Nutzungsvertrag und einen Auftragsverarbeitungsvertrag (AV) eingetragen und dieser zum Download angeboten.<br>Auf der Downloadseite werden diese Nutzungsbedingungen, ein AV-Vertrag sowie weitere f\u00fcr den Vertragsschluss erforderlichen Dokumente und Informationen mitgeteilt.<\/li>\n\n\n\n<li>Eine E-Mail mit einem Upload-Link f\u00fcr die Vertr\u00e4ge wird an die vertretungsberechtigte Person gesendet.<\/li>\n\n\n\n<li>Die vertretungsberechtigte Person unterzeichnet den Vertrag, stempelt ihn mit dem Schulstempel ab und l\u00e4dt ihn in der Registrierungs-Webseite hoch. Dadurch kommt der Vertrag zwischen der Schule und der GI zustande. Bis dahin ist der Abbruch durch Schlie\u00dfen des Browser-Fensters oder das Nicht-Fortf\u00fchren des Prozesses jederzeit m\u00f6glich.<br>Die vertretungsberechtigte Person erh\u00e4lt eine weitere E-Mail mit einer Kopie der hochgeladenen Datei.<\/li>\n\n\n\n<li>Die registrierten Lehrkr\u00e4fte erhalten an die hinterlegten E-Mail-Adressen einen Link zur Validierung ihrer E-Mail-Adressen und zur Vervollst\u00e4ndigung ihrer Benutzerkonten.<\/li>\n\n\n\n<li>Nun kann die Lehrkraft in der Registrierungs-Webseite Klassen\/ Gruppen und zugeh\u00f6rige Sch\u00fcler*innen-Konten anlegen.<\/li>\n<\/ol>\n<\/li>\n\n\n\n<li>Ein Anspruch auf Registrierung besteht nicht, die GI kann die Registrierung ohne Angabe von Gr\u00fcnden ablehnen.<\/li>\n<\/ol>\n<\/li>\n\n\n\n<li><strong>Verl\u00e4ngerung der Registrierung durch Schulen ab dem Jahr 2023<\/strong>\n<ol class=\"wp-block-list\">\n<li>Ein erneuter Vertragsschluss einer bereits zuvor gem. Ziff. 2 registrierten Schule kann durch eine eindeutig formulierte E-Mail an <a href=\"mailto:registrierung@byte-challenge.de\" target=\"_blank\" rel=\"noreferrer noopener\">registrierung@byte-challenge.de<\/a> von der (dienstlichen) E-Mail-Adresse \/ Schulleitungs-E-Mail-Adresse oder \u00fcber eine (noch zu implementierende) Schaltfl\u00e4che &#8220;Weiterhin an BYTE Challenge teilnehmen&#8221; in unserer Web-Plattform erfolgen. Es reicht beispielsweise eine E-Mail mit dem Text \u201eWir m\u00f6chten weiterhin an der BYTE Challenge teilnehmen\u201c. Diese stellt ein Angebot zum Abschluss eines Vertrages unter den jeweils geltenden Nutzungsbedingungen dar. Eine Annahme erfolgt durch E-Mail der GI.<\/li>\n<\/ol>\n<\/li>\n\n\n\n<li><strong>Inhalt der BYTE Challenge<\/strong>\n<ol class=\"wp-block-list\">\n<li>Die BYTE Challenge ist eine unentgeltliche, durch Ehrenamtliche und Spenden\/Sponsoring umgesetzte digitale Lernplattform, die erg\u00e4nzend zu schulischen Angeboten digitale Lerninhalte vermitteln m\u00f6chte. Dazu werden Kurse und Aufgaben zu MINT und weiteren Themenbereichen angeboten, die z.B. Videos, Quizzes, Texte und Programmieraufgaben enthalten.<\/li>\n\n\n\n<li>Die Inhalte und etwaige Pr\u00fcfungsaufgaben werden in einem Lernmanagementsystem zur Verf\u00fcgung gestellt. Etwaige Programmieraufgaben k\u00f6nnen \u00fcber weitere Angebote bereitgestellt werden, insb. mit der Programmierumgebung \u201eScratch\u201c, die sowohl auf der Webseite (www.scratch.mit.edu), sowie als \u201eScratch-App\u201c zur Verf\u00fcgung steht. Weitere Anwendungen k\u00f6nnen verlinkt oder zuk\u00fcnftig erg\u00e4nzt werden. <br>Lernfortschritt\u00fcberpr\u00fcfungen k\u00f6nnen durch Quiz-Fragen oder einzelne Aufgaben ermittelt werden.<\/li>\n\n\n\n<li>Die digitale Lernplattform baut aktuell auf der Open Source-Software \u201eMoodle\u201c auf und ist \u00fcber g\u00e4ngige Web-Browser abrufbar. Alternativ kann der Zugriff \u00fcber lokal installierte Moodle-Apps erfolgen. Ein weiterer Bestandteil ist die Stammdatenverwaltung und Nutzendenkontenverwaltung (\u201eBYTE Home\u201d), die stets erweitert wird. Sie enth\u00e4lt u.a. eine \u00dcbersicht \u00fcber den Lernfortschritt der Teilnehmenden f\u00fcr die jeweils zugeh\u00f6rigen Lehrkr\u00e4fte (bei Teilnahme als Schule) sowie f\u00fcr die Teilnehmenden selbst und die Erstellung von Bescheinigung \u00fcber den Abschluss von Lernmodulen.\n<ol class=\"wp-block-list\">\n<li>Weitere Angebote sind u.a.\n<ul class=\"wp-block-list\">\n<li>Live-Events, bei denen ein Videostream sowie direkte Live-Kommentarfunktionen und\/ oder Quiz-Funktionen angeboten werden.<\/li>\n\n\n\n<li>Videosprechstunden mit den Ehrenamtlichen des BYTE-Teams, f\u00fcr die Teilnehmenden sowie f\u00fcr die Lehrkr\u00e4fte<\/li>\n\n\n\n<li>Separat organisierte Vor-Ort-Angebote<\/li>\n<\/ul>\n<\/li>\n\n\n\n<li>Die digitale Lernplattform wird spendenbasiert gehostet, sodass die Verf\u00fcgbarkeiten der Angebote variieren k\u00f6nnen. Es kann auch zu Nichtverf\u00fcgbarkeiten der Plattform und ihrer Inhalte aufgrund von Wartungsarbeiten, das Einspielen von Updates, der Korrektur von Fehlern oder aus sonstigen Gr\u00fcnden kommen.<\/li>\n<\/ol>\n<\/li>\n\n\n\n<li>Es gibt eine \u201eBestenliste\u201d, wo die besten Ergebnisse und die Pseudonyme (Nicknames) der erfolgreichsten Teilnehmenden dargestellt werden.<\/li>\n\n\n\n<li>Es ist geplant, die BYTE Challenge funktional zu erweitern. Perspektivisch geplant sind u.a. folgende Funktionen:\n<ol class=\"wp-block-list\">\n<li>Ein Chat\/ Forum f\u00fcr die Teilnehmenden, die begleitenden Lehrkr\u00e4fte und die ehrenamtlich Unterst\u00fctzenden, um Fragen besprechen zu k\u00f6nnen;<\/li>\n<\/ol>\n<\/li>\n\n\n\n<li>Im Rahmen der BYTE Challenge k\u00f6nnen auch, soweit verf\u00fcgbar, Preise erworben werden. Bei den Preisen handelt es sich um Sachpreise, die durch Spenden\/Sponsoring bereitgestellt werden. Die Vergabe orientiert sich grunds\u00e4tzlich an den Ergebnissen und Lernfortschritten der Teilnehmenden. Bei diesen k\u00f6nnen Punkte gesammelt werden, die im Rahmen der BYTE Challenge in Anlehnung an eine digitale W\u00e4hrung als \u201e$Bits\u201c und \u201e$Bytes\u201c bezeichnet werden. Auf Basis dieser gesammelten Punkte k\u00f6nnen je nach Verf\u00fcgbarkeit Sachpreise eingel\u00f6st werden. Die Einl\u00f6sung der Preise soll perspektivisch \u00fcber eine Webseite innerhalb der BYTE Challenge erfolgen, die von der Aufmachung \u00e4hnlich einem \u00fcblichen Webshop aufgebaut ist. Ein Anspruch auf Einl\u00f6sung eines Punktewertes (bzw. eines \u201e$Bit\u201c- oder \u201e$Byte\u201c-Betrags) besteht hingegen ausdr\u00fccklich nicht und ein Eintausch h\u00e4ngt von den verf\u00fcgbaren Sachmitteln ab. Es k\u00f6nnen zudem auch Sonderpreise vergeben werden, die nicht an die Einl\u00f6sung eines Punktewertes gebunden sind.<\/li>\n\n\n\n<li>Bei den Klassenanmeldungen bestehen M\u00f6glichkeiten seitens der Lehrkr\u00e4fte, die Profile der ihnen zugeordneten Sch\u00fcler*innen zu verwalten und perspektivisch auch deren Lernfortschritt einsehen zu k\u00f6nnen.<\/li>\n\n\n\n<li>Die Lerninhalte werden von Ehrenamtlichen nach bestem Wissen und Gewissen ausgew\u00e4hlt und teilweise auch erstellt. Es wird darauf hingewiesen, dass es sich bei diesen nicht um p\u00e4dagogisch ausgebildetes Fachpersonal handelt. \u00dcber die Eignung der Materialien f\u00fcr den Schuleinsatz und f\u00fcr die Teilnahme der jeweiligen Sch\u00fcler*innen m\u00fcssen die Lehrkr\u00e4fte der Schulen selbst entscheiden. Ebenso sind Sie daf\u00fcr verantwortlich, etwaig erforderliche Zustimmungen der zust\u00e4ndigen (Schul-)beh\u00f6rden vor Ort einzuholen. Wenn Sie die Inhalte f\u00fcr ungeeignet halten, k\u00f6nnen und sollten Sie aus dem Kursprogramm nur geeignete Inhalte w\u00e4hlen bzw. die BYTE Challenge nicht verwenden.<\/li>\n\n\n\n<li>Die GI ist berechtigt, \u00c4nderungen an den Webseiten und Webanwendungen unter byte-challenge.de, registrierung.byte-challenge.de, kurse.byte-challenge.de und zugeh\u00f6rigen Webseiten sowie an deren Inhalt und Struktur sowie den dazugeh\u00f6rigen Benutzeroberfl\u00e4chen und den angebotenen Diensten vorzunehmen, wenn hierdurch die Zweckerf\u00fcllung der Dienstleistung nicht oder nicht erheblich beeintr\u00e4chtigt wird.&nbsp;<\/li>\n<\/ol>\n<\/li>\n\n\n\n<li><strong>Laufzeit und Beendigung des Vertrages<\/strong>\n\n\n\n\n<ol class=\"wp-block-list\">\n<li>Der Vertrag l\u00e4uft ab dem Zeitpunkt des Vertragsschlusses mit Ihnen, also ab dem Hochladen des unterzeichneten Vertrags \u00fcber die Registrierungs-Webseite, bis zum 31. Januar des folgenden Kalenderjahres, nach dem der Vertrag geschlossen wurde.<br>K\u00fcndigt keine der beiden Seiten den Vertrag, verl\u00e4ngert sich die Vertragslaufzeit mit Verstreichen dieser Frist automatisch zu den zum Zeitpunkt der Verl\u00e4ngerung geltenden AGB um ein weiteres Jahr.<\/li>\n\n\n\n<li>Innerhalb einer Woche nach Laufzeitende des Vertrages deaktivieren wir die Benutzerkonten. Nach 3 Monaten Karenzzeit l\u00f6schen wir sie aus dem Produktivsystem. Backups werden nach bis zu weiteren 3 Monaten gel\u00f6scht.<\/li>\n\n\n\n<li>Der Vertrag kann beidseitig jederzeit ohne Einhaltung einer K\u00fcndigungsfrist gek\u00fcndigt werden. Die K\u00fcndigung bedarf der Textform (z.B. E-Mail). Das Recht zur K\u00fcndigung aus wichtigem Grund bleibt gleichwohl unber\u00fchrt.<\/li>\n\n\n\n<li>Mit Wirksamwerden der K\u00fcndigung l\u00f6schen wir s\u00e4mtliche Daten und Inhalte, die Sie auf bzw. in den Diensten eingestellt haben, aus dem Produktivsystem. Technisch bedingt kann das eine gewisse Zeitspanne &#8211; maximal 48 Stunden &#8211; in Anspruch nehmen. Backups werden nach bis zu weiteren 3 Monaten gel\u00f6scht.<\/li>\n\n\n\n<li>Unber\u00fchrt davon bleibt die l\u00e4ngere Speicherung von Inhalten zur Beweissicherung, soweit dies im Einzelfall zur Aufkl\u00e4rung von Straftaten erforderlich ist.<br>Im Einzelnen verweisen wir auf unsere Datenschutzbedingungen.<\/li>\n<\/ol>\n<\/li>\n\n\n\n<li><strong>Verhaltensregeln bei Nutzung der BYTE Challenge und Verantwortung f\u00fcr Einhaltung der Regeln<\/strong>\n<ol class=\"wp-block-list\">\n<li>Die Schule hat gegen\u00fcber der GI daf\u00fcr Sorge zu tragen, dass die folgenden Verhaltensregeln durch die von Ihnen angemeldeten Teilnehmer*innen eingehalten werden. Im Fall von Verst\u00f6\u00dfen kann die GI Inhalte und Informationen entfernen oder den Zugang zu diesen Inhalten sperren und Teilnehmer*innen oder Schulen gegebenenfalls vor\u00fcbergehend oder dauerhaft von der Nutzung der BYTE Challenge ausschlie\u00dfen.<\/li>\n\n\n\n<li>Teilnehmer*innen sind verpflichtet, die Authentifizierungsinstrumente und\/oder personalisierte Sicherheitsmerkmale (z.B. pers\u00f6nliches Passwort) geheim zu halten und bestm\u00f6glich vor dem Zugriff Unbefugter zu sch\u00fctzen.<\/li>\n\n\n\n<li>Teilnehmer*innen sind verpflichtet, stets wahrheitsgem\u00e4\u00dfe Angaben zu machen und die Daten hinsichtlich aller genutzten Dienste und Funktionen w\u00e4hrend der gesamten Nutzungszeit wahr und vollst\u00e4ndig zu halten.<\/li>\n\n\n\n<li>S\u00e4mtliche Informations- und Aussageinhalte m\u00fcssen rechtm\u00e4\u00dfig sein und d\u00fcrfen vor allem nicht gegen gesetzliche Verbote oder die guten Sitten versto\u00dfen, keine Rechte Dritter einschlie\u00dflich Pers\u00f6nlichkeitsrechte und Urheberrechte verletzen oder jugendgef\u00e4hrdend sein. Insbesondere ist es Teilnehmer*innen untersagt:\n<ol class=\"wp-block-list\">\n<li>beleidigende, verleumderische oder volksverhetzende Inhalte zu verwenden;<\/li>\n\n\n\n<li>pornografische, gewaltverherrlichende oder gegen Jugendschutzgesetze versto\u00dfende Inhalte zu verbreiten;<\/li>\n\n\n\n<li>gesetzlich (z. B. durch Urheber-, Marken- oder sonstige Schutzrechte) gesch\u00fctzte Inhalte zu verwenden, ohne dazu berechtigt zu sein, oder gesetzlich gesch\u00fctzte Waren oder Dienstleistungen zu bewerben, anzubieten oder zu vertreiben sowie<\/li>\n\n\n\n<li>wettbewerbswidrige Handlungen vorzunehmen oder zu f\u00f6rdern, einschlie\u00dflich progressiver Kundenwerbung.<\/li>\n<\/ol>\n<\/li>\n\n\n\n<li>Bel\u00e4stigende Handlungen sind zu unterlassen, auch wenn diese konkret keine Gesetze verletzen sollten. Insbesondere ist es untersagt, direkt oder indirekt politische und religi\u00f6se Anschauungen Dritter zu verletzten. Anz\u00fcgliche oder sexuell gepr\u00e4gte Kommunikation in Schrift und Bild ist zu unterlassen. Die Verbreitung und \u00f6ffentliche Wiedergabe von Inhalten \u00fcber die Dienste und\/oder von anderen Teilnehmer*innen ist untersagt.<\/li>\n<\/ol>\n<\/li>\n\n\n\n<li><strong>Verarbeitung von Daten<\/strong>\n<ol class=\"wp-block-list\">\n<li>Die Verarbeitung von personenbezogenen Daten richtet sich nach der separat dazu geschlossenen Vereinbarung <a href=\"https:\/\/byte-challenge.de\/uk\/datenschutz\/\">https:\/\/byte-challenge.de\/datenschutz<\/a>.<\/li>\n<\/ol>\n<\/li>\n\n\n\n<li><strong>Haftung<\/strong>\n<ol class=\"wp-block-list\">\n<li>Wir haften f\u00fcr Vorsatz und grobe Fahrl\u00e4ssigkeit. Ferner haften wir f\u00fcr die fahrl\u00e4ssige Verletzung von Pflichten, deren Erf\u00fcllung die ordnungsgem\u00e4\u00dfe Durchf\u00fchrung des Vertrages \u00fcberhaupt erst erm\u00f6glicht, deren Verletzung die Erreichung des Vertragszwecks gef\u00e4hrdet und auf deren Einhaltung Sie als Nutzer regelm\u00e4\u00dfig vertrauen d\u00fcrfen. Im letztgenannten Fall haften wir jedoch nur f\u00fcr den vorhersehbaren, vertragstypischen Schaden. Gleiches gilt f\u00fcr Pflichtverletzungen unserer Erf\u00fcllungsgehilfen.<\/li>\n\n\n\n<li>Die vorstehenden Haftungsausschl\u00fcsse gelten nicht bei Verletzung von Leben, K\u00f6rper und Gesundheit. Die Haftung nach dem Produkthaftungsgesetz bleibt unber\u00fchrt.<\/li>\n\n\n\n<li>Die Schulen stellen GI von Anspr\u00fcchen, die Sch\u00fcler*innen oder sonstige Dritte gegen\u00fcber GI geltend machen, insoweit frei, als diese Anspr\u00fcche auf einem schuldhaften Versto\u00df Ihrerseits gegen die vorstehenden Pflichten beruhen. Die Freistellungsverpflichtung umfasst auch die angemessenen Kosten f\u00fcr die notwendige Rechtsverteidigung. Diese Freistellung ist nur ausgenommen in dem Umfang, in dem eine Haftung von GI auf einem rechtswidrigen Vers\u00e4umnis von GI zur Behebung der Folgen dieses Versto\u00dfes beruht.<\/li>\n<\/ol>\n<\/li>\n\n\n\n<li><strong>Sponsoring<\/strong><br>Die BYTE Challenge wird durch ehrenamtliche Mitarbeit und durch Sach- und Geldspenden erm\u00f6glicht. Die Schule hat sicherzustellen, dass der Einsatz der BYTE Challenge nicht gegen f\u00fcr sie geltende rechtliche Regelungen verst\u00f6\u00dft. Eine Liste der Sponsoren kann unter <a href=\"https:\/\/byte-challenge.de\/uk\/\" target=\"_blank\" rel=\"noreferrer noopener\">https:\/\/byte-challenge.de<\/a> abgerufen werden.<\/li>\n\n\n\n<li><strong>Urheberrechtshinweise<\/strong>\n<ol class=\"wp-block-list\">\n<li>Die von GI im Rahmen der Dienste bereitgestellten Inhalte sind grunds\u00e4tzlich urheber- bzw. leistungsschutzrechtlich gesch\u00fctzt. GI ist bestrebt, bei allen Inhalten die Urheberrechte der verwendeten Bilder, Grafiken, Tondokumente, Videosequenzen und Texte zu beachten, von ihr selbst erstellte Bilder, Grafiken, Tondokumente, Videosequenzen und Texte zu nutzen oder auf lizenzfreie Bilder, Grafiken, Tondokumente, Videosequenzen und Texte zur\u00fcckzugreifen. Alle im Rahmen der BYTE Challenge genannten und gegebenenfalls durch Dritte gesch\u00fctzten Marken- und Warenzeichen unterliegen uneingeschr\u00e4nkt den Bestimmungen des jeweils g\u00fcltigen Kennzeichenrechts und den Besitzrechten der jeweiligen eingetragenen Eigent\u00fcmer. Allein aufgrund der blo\u00dfen Nennung ist nicht der Schluss zu ziehen, dass Markenzeichen nicht durch Rechte Dritter gesch\u00fctzt sind. Eine Vervielf\u00e4ltigung oder Verwendung solcher Bilder, Grafiken, Tondokumente, Videosequenzen und Texte in anderen elektronischen oder gedruckten Publikationen ist ohne ausdr\u00fcckliche vorherige Genehmigung durch GI bzw. den jeweiligen Rechtsinhaber nicht gestattet.<\/li>\n\n\n\n<li>Die Schule hat daf\u00fcr Sorge zu tragen, dass die teilnehmenden Sch\u00fcler*innen und Lehrkr\u00e4fte die n\u00f6tigen rechtlichen Befugnisse daf\u00fcr besitzen, um gesch\u00fctzte Inhalte hochzuladen, zu vervielf\u00e4ltigen, bereitzustellen oder sonst wie \u00f6ffentlich oder nicht\u00f6ffentlich zug\u00e4nglich zu machen, wenn sie diese Handlungen \u00fcber die BYTE Challenge vornehmen.<\/li>\n\n\n\n<li>Mit der Nutzung der Dienste r\u00e4umt die Schule der GI unentgeltlich die nicht-ausschlie\u00dflichen, zeitlich und r\u00e4umlich unbeschr\u00e4nkten Rechte ein, die von Ihnen eingestellten Inhalte \u00fcber alle im Rahmen der BYTE Challenge verwendeten Inhalte entsprechend den Zwecken der BYTE Challenge zu verwenden. Hiervon umfasst ist auch das Recht, die eingestellten Inhalte zu bearbeiten, um alle technisch erforderlichen Anpassungen (z.B. \u00c4nderung der Aufl\u00f6sung von Fotos und Videos) vorzunehmen.<\/li>\n<\/ol>\n<\/li>\n\n\n\n<li><strong>Fremde Inhalte und \u00c4u\u00dferungen<\/strong>\n<ol class=\"wp-block-list\">\n<li>Die auf der BYTE Challenge &#8211; Webseite ver\u00f6ffentlichten \u00c4u\u00dferungen und sonstigen Inhalte von Partnern und Teilnehmer*innen geben nicht die Meinung von GI wieder. Nach den gesetzlichen Bestimmungen ist GI nicht dazu verpflichtet, die \u00fcbermittelten oder gespeicherten Inhalte und Informationen zu \u00fcberwachen oder nach Umst\u00e4nden zu forschen, die auf eine rechtswidrige T\u00e4tigkeit hinweisen. Sollte GI allerdings Kenntnis von der rechtswidrigen Handlung oder einer Information innerhalb der Webseite erlangen, werden die Informationen unverz\u00fcglich entfernt oder wird der Zugang zu diesen Inhalten gesperrt und die\/der verantwortliche Sch\u00fcler*innen gegebenenfalls vor\u00fcbergehend oder dauerhaft von der Nutzung ausgeschlossen.<\/li>\n\n\n\n<li>GI \u00fcbernimmt dar\u00fcber hinaus keine Verantwortung f\u00fcr die von Sch\u00fcler*innen bereitgestellten Inhalte und Informationen sowie f\u00fcr Inhalte auf verlinkten externen Websites. GI gew\u00e4hrleistet insbesondere nicht, dass diese Inhalte und Informationen wahr sind, einen bestimmten Zweck erf\u00fcllen oder einem solchen Zweck dienen k\u00f6nnen.<\/li>\n<\/ol>\n<\/li>\n\n\n\n<li><strong>Schlussbestimmungen<\/strong>\n<ol class=\"wp-block-list\">\n<li>Auf diese Nutzungsbedingungen zwischen GI und der Schule findet ausschlie\u00dflich das Recht der Bundesrepublik Deutschland unter Ausschluss des UN-Kaufrechts (CISG) Anwendung.<\/li>\n\n\n\n<li>Gerichtsstand ist Berlin.<\/li>\n\n\n\n<li>Sollten einzelne Bestimmungen dieser Nutzungsbedingungen unwirksam sein oder werden und\/oder den gesetzlichen Regelungen widersprechen, so wird hierdurch die Wirksamkeit der Nutzungsbedingungen im \u00dcbrigen nicht ber\u00fchrt.<\/li>\n<\/ol>\n<\/li>\n<\/ol>\n\n\n\n<p><\/p>","protected":false},"excerpt":{"rendered":"<p>BYTE Challenge \u2013 Nutzungsbedingungen f\u00fcr die Anmeldung von Schulen Pr\u00e4ambel Die BYTE Challenge ist ein Projekt der Gesellschaft f\u00fcr Informatik e.V. unterst\u00fctzt durch ehrenamtliches Engagement und Spenden zur F\u00f6rderung der &#8230;<\/p>","protected":false},"author":1,"featured_media":0,"parent":0,"menu_order":0,"comment_status":"closed","ping_status":"closed","template":"","meta":{"footnotes":""},"class_list":["post-288","page","type-page","status-publish","hentry"],"_links":{"self":[{"href":"https:\/\/byte-challenge.de\/uk\/wp-json\/wp\/v2\/pages\/288","targetHints":{"allow":["GET"]}}],"collection":[{"href":"https:\/\/byte-challenge.de\/uk\/wp-json\/wp\/v2\/pages"}],"about":[{"href":"https:\/\/byte-challenge.de\/uk\/wp-json\/wp\/v2\/types\/page"}],"author":[{"embeddable":true,"href":"https:\/\/byte-challenge.de\/uk\/wp-json\/wp\/v2\/users\/1"}],"replies":[{"embeddable":true,"href":"https:\/\/byte-challenge.de\/uk\/wp-json\/wp\/v2\/comments?post=288"}],"version-history":[{"count":10,"href":"https:\/\/byte-challenge.de\/uk\/wp-json\/wp\/v2\/pages\/288\/revisions"}],"predecessor-version":[{"id":1963,"href":"https:\/\/byte-challenge.de\/uk\/wp-json\/wp\/v2\/pages\/288\/revisions\/1963"}],"wp:attachment":[{"href":"https:\/\/byte-challenge.de\/uk\/wp-json\/wp\/v2\/media?parent=288"}],"curies":[{"name":"wp","href":"https:\/\/api.w.org\/{rel}","templated":true}]}}