{"id":34,"date":"2021-11-07T19:36:42","date_gmt":"2021-11-07T19:36:42","guid":{"rendered":"https:\/\/contact.bytechallenge.de\/?page_id=34"},"modified":"2022-04-14T06:31:10","modified_gmt":"2022-04-14T06:31:10","slug":"datenschutz","status":"publish","type":"page","link":"https:\/\/byte-challenge.de\/uk\/datenschutz\/","title":{"rendered":"\u0417\u0430\u0445\u0438\u0441\u0442 \u043f\u0435\u0440\u0441\u043e\u043d\u0430\u043b\u044c\u043d\u0438\u0445 \u0434\u0430\u043d\u0438\u0445"},"content":{"rendered":"<p>Die BYTE Challenge ist ein Projekt der Gesellschaft f\u00fcr Informatik e.V. und arbeitet unter deren Datenschutzrichtlinien. Diese k\u00f6nnen Sie hier einsehen:<\/p>\n\n\n\n<div class=\"wp-block-buttons alignwide is-content-justification-center is-layout-flex wp-container-core-buttons-is-layout-16018d1d wp-block-buttons-is-layout-flex\">\n<div class=\"wp-block-button is-style-outline is-style-outline--2\"><a class=\"wp-block-button__link\" href=\"https:\/\/gi.de\/datenschutz\">Datenschutzerkl\u00e4rung der GI<\/a><\/div>\n<\/div>\n\n\n\n<div style=\"height:63px\" aria-hidden=\"true\" class=\"wp-block-spacer\"><\/div>\n\n\n\n<h2 class=\"wp-block-heading\">Zus\u00e4tzliche Datenschutzrichtlinien f\u00fcr die <br>BYTE Challenge<\/h2>\n\n\n\n<div style=\"height:34px\" aria-hidden=\"true\" class=\"wp-block-spacer\"><\/div>\n\n\n\n<h3 class=\"wp-block-heading\">Projektbeschreibung<\/h3>\n\n\n\n<p>Die BYTE Challenge wird zu einer kostenfreien Lernplattform f\u00fcr Lehrer*innen und Sch\u00fcler*innen entwickelt. Kernelement sind multimediale Kurse, die in einem Lernmanagementsystem (LMS) angeboten werden.<br>Lehrer*innen sollen die BYTE Challenge ohne Weiteres im Unterricht nutzen k\u00f6nnen &#8211; dazu soll die Gesellschaft f\u00fcr Informatik e.V. als Auftragsverarbeiter auftreten k\u00f6nnen.<br>Weiter soll die Nutzung durch einzelne Sch\u00fcler*innen mit Einverst\u00e4ndnis von deren Eltern m\u00f6glich sein, entsprechend Art. 7 DSGVO.<br><br>Lehrer*innen sollen den Lernfortschritt der von ihnen angemeldeten Sch\u00fcler*innen verfolgen k\u00f6nnen.<br>Je nach Bedarf sind zus\u00e4tzlich Videosprechstunden f\u00fcr die Sch\u00fcler*innen sowie f\u00fcr die Lehrer*innen vorgesehen.<\/p>\n\n\n\n<p>Es sollen ggf. digitale wie auch analoge Preise an erfolgreiche Teilnehmer*innen versendet werden.<\/p>\n\n\n\n<p>Zur Au\u00dfenrepr\u00e4sentation wird eine eigene Homepage unterhalten. Weiter werden Posts in verschiedenen sozialen Netzwerken ver\u00f6ffentlicht.<\/p>\n\n\n\n<div style=\"height:34px\" aria-hidden=\"true\" class=\"wp-block-spacer\"><\/div>\n\n\n\n<h3 class=\"wp-block-heading\"><a><\/a>Verantwortliche Stelle<\/h3>\n\n\n\n<p>Die BYTE Challenge ist ein Projekt der Jungen GI in der Gesellschaft f\u00fcr Informatik e.V.<br><br><strong>Gesellschaft f\u00fcr Informatik e.V. (GI)<\/strong><\/p>\n\n\n\n<p><em>Gesch\u00e4ftsstelle Bonn<\/em><\/p>\n\n\n\n<p>Wissenschaftszentrum<br>Ahrstra\u00dfe 45<br>53175 Bonn<br>Telefon:&nbsp; +49 228 302-145<br>Telefax:&nbsp; +49 228 302-167<br>E-Mail: bonn@gi.de<\/p>\n\n\n\n<p><em>Gesch\u00e4ftsstelle Berlin<br><\/em>Spreepalais am Dom<br>Anna-Louisa-Karsch-Stra\u00dfe 2<br>10178 Berlin<br>Telefon: +49 30 7261 566 15<br>Telefax: +49 30 7261 566 19<br>E-Mail: berlin@gi.de<\/p>\n\n\n\n<p>Vereinsregister Bonn 3429<br>USt &#8211; IdNr. DE122273104<br><br><strong>BYTE Challenge<\/strong><br>E-Mail: <a href=\"mailto:registrierung@byte-challenge.de\">registrierung@byte-challenge.de<\/a><\/p>\n\n\n\n<p><\/p>\n\n\n\n<div style=\"height:34px\" aria-hidden=\"true\" class=\"wp-block-spacer\"><\/div>\n\n\n\n<h3 class=\"wp-block-heading\">Kategorien von Empf\u00e4ngern<\/h3>\n\n\n\n<p>siehe <a href=\"https:\/\/gi.de\/datenschutz\">https:\/\/gi.de\/datenschutz<\/a><\/p>\n\n\n\n<p><strong>Zus\u00e4tzliche Kategorien<\/strong><\/p>\n\n\n\n<p><em>BYTE Team:<\/em><br>Alle, die an der BYTE Challenge mitwirken<\/p>\n\n\n\n<p><em>BYTE Kernteam:<\/em><br>Mitglieder des BYTE Teams, die mit der Verarbeitung personenbezogener Daten von Teilnehmenden betraut sind<\/p>\n\n\n\n<p><em>Infrastruktur-Team:<\/em><br>Mitglieder des BYTE Kernteams, die mit der IT-Administration betraut sind<br><br><\/p>\n\n\n\n<div style=\"height:57px\" aria-hidden=\"true\" class=\"wp-block-spacer\"><\/div>\n\n\n\n<h1>Verarbeitungsprozesse<\/h1>\n<p>&nbsp;<\/p>\n<table width=\"930\">\n<tbody>\n<tr>\n<td width=\"186\">\n<p>Zwecke<\/p>\n<\/td>\n<td width=\"186\">\n<p>Rechtsgrundlage\/ berechtigte Interessen<br \/> (Art. 6 DSGVO, Abs. 1, Unterabs. 1)<\/p>\n<\/td>\n<td width=\"186\">\n<p>Kategorien verarbeiteter Daten<\/p>\n<\/td>\n<td width=\"186\">\n<p>Empf&auml;ngerkategorien<\/p>\n<\/td>\n<td width=\"186\">\n<p>Speicherdauer\/ L&ouml;schprozedur<\/p>\n<\/td>\n<\/tr>\n<tr>\n<td colspan=\"5\" width=\"930\">\n<p><strong>Registrierung, Durchf&uuml;hrung, Preisversand (Lehrer*innen)<\/strong><\/p>\n<\/td>\n<\/tr>\n<tr>\n<td width=\"186\">\n<p>Durchf&uuml;hrung des Angebotes<\/p>\n<\/td>\n<td width=\"186\">\n<p>a) (f&uuml;r Lehrer*innen-Konten)<br \/> <br \/> b) Vorbereitung &amp; Erf&uuml;llung des Auftrags der Schule<\/p>\n<\/td>\n<td rowspan=\"10\" width=\"186\">\n<p>Name, Vorname<br \/> \u0415\u043b\u0435\u043a\u0442\u0440\u043e\u043d\u043d\u0430 \u043f\u043e\u0448\u0442\u0430<br \/> <br \/> Benutzername (wird von BYTE erstellt)<br \/> Passwort<br \/> IP, Seitenaufrufe<br \/> <br \/> Staat\/ Bundesland<br \/> <br \/> Schule und Schuladresse<br \/> <br \/> Optional: Fach-Hintergrund, Vorherige Nutzung der BYTE Challenge, wie von BYTE erfahren<br \/> <br \/> Wenn E-Mail nicht im Realm einer und bekannten Bildungseinrichtung liegt: Best&auml;tigung der Lehrer*innen-T&auml;tigkeit durch Schulleitung, teilgeschw&auml;rzter Ausweis<br \/> <br \/> Registrierte Klassen -&gt; Klassenstufe, Namen, E-Mails, Geschlecht und Passwort der Sch&uuml;ler*innen<br \/> <br \/> ggf. interne Kommunikation, auch innerhalb des LMS<br \/> <br \/> sowie alle Kategorien unter &ldquo;Homepage&rdquo;<\/p>\n<\/td>\n<td rowspan=\"10\" width=\"186\">\n<p>BYTE Kernteam, Infrastruktur-Team<\/p>\n<p>&nbsp;<\/p>\n<p>Benutzername und Kommunikation im LMS: zus&auml;tzlich Teilnehmende<\/p>\n<\/td>\n<td rowspan=\"10\" width=\"186\">\n<p>Konto-Deaktivierung bei Widerruf<br \/> <br \/> J&auml;hrlich L&ouml;schung deaktivierter Konten, die &auml;lter als 3 Monate sind<\/p>\n<p>&nbsp;<\/p>\n<p>Statistische (anonymisierte) Daten werden dauerhaft gespeichert<\/p>\n<p>&nbsp;<\/p>\n<p>Kommunikation zur Registrierung (E-Mails, Kontaktformulare), die &auml;lter als 1 Jahr ist, wird im jedes Jahres gel&ouml;scht.<br \/> Dar&uuml;ber hinausgehende E-Mail-Kommunikation wird bis zu 6 Jahre lang aufbewahrt.<\/p>\n<p>&nbsp;<\/p>\n<p>Server-Logs werden standardm&auml;&szlig;ig &uuml;ber 14 Tage rotiert.<br \/> <br \/> Bei der Aufkl&auml;rung von technischen Auff&auml;lligkeiten sowie von Straftaten wird die Speicherung bis zum Abschluss gespeichert, vorbehaltlich beh&ouml;rdlicher Anweisungen<\/p>\n<\/td>\n<\/tr>\n<tr>\n<td width=\"186\">\n<p>Zuordnung Lehrer*innen &lt;-&gt; Sch&uuml;ler*innen, Einsicht in Lernfortschritte der Sch&uuml;ler*innen<br \/> -&gt; Betreuung erm&ouml;glichen<\/p>\n<\/td>\n<td width=\"186\">\n<p>a) (Daten der Lehrer*innen)<br \/> <br \/> b)<br \/> <\/p>\n<\/td>\n<\/tr>\n<tr>\n<td width=\"186\">\n<p>Validierung der Lehrer*innen-Identit&auml;t und ladef&auml;higer Adresse\/ Unbedenklichkeit bei Arbeit mit Kindern<\/p>\n<\/td>\n<td width=\"186\">\n<p>f)<br \/> Schutz der teilnehmenden Kinder<\/p>\n<\/td>\n<\/tr>\n<tr>\n<td width=\"186\">\n<p>Kontaktaufnahme<br \/> -&gt; bei besorgniserregenden Entwicklungen\/ &Auml;u&szlig;erungen der Sch&uuml;ler*innen<\/p>\n<\/td>\n<td width=\"186\">\n<p>f)<br \/> Schutz, F&ouml;rderung &amp; Erziehung der teilnehmenden Kinder<\/p>\n<\/td>\n<\/tr>\n<tr>\n<td width=\"186\">\n<p>Kontaktaufnahme <br \/> -&gt; Absprachen und Erkl&auml;rung im Rahmen der Angebote<\/p>\n<\/td>\n<td width=\"186\">\n<p>a), b), f)<br \/> Gew&auml;hrleistung eines verst&auml;ndlichen Bildungsangebotes<\/p>\n<\/td>\n<\/tr>\n<tr>\n<td width=\"186\">\n<p>Kontaktaufnahme<\/p>\n<p>-&gt; Information\/ Werbung f&uuml;r weitere Angebote (z.B. Sprechstunden)<\/p>\n<\/td>\n<td width=\"186\">\n<p>a)<\/p>\n<p>&nbsp;<\/p>\n<p>b)<\/p>\n<\/td>\n<\/tr>\n<tr>\n<td width=\"186\">\n<p>Statistische Auswertungen <br \/> -&gt; Verbesserung des Angebotes<br \/> -&gt; Forschung<br \/> -&gt; Au&szlig;endarstellung<\/p>\n<\/td>\n<td width=\"186\">\n<p>f)<br \/> Das Angebot (auch wissenschaftlich) zu untersuchen, Verbesserungsm&ouml;glichkeiten ableiten und&nbsp; die Ergebnisse zu ver&ouml;ffentlichen<\/p>\n<\/td>\n<\/tr>\n<tr>\n<td width=\"186\">\n<p>Einholen von Feedback<br \/> -&gt; Verbesserung des Angebotes<br \/> -&gt; Forschung<br \/> -&gt; Au&szlig;endarstellung<\/p>\n<\/td>\n<td width=\"186\">\n<p>a)<br \/> f) (wie vor)<\/p>\n<\/td>\n<\/tr>\n<tr>\n<td width=\"186\">\n<p>Zum Versand von Preisen<\/p>\n<\/td>\n<td width=\"186\">\n<p>b) bzw.<\/p>\n<p>f)<br \/> Interesse der Schulklassen, Preise f&uuml;r gute Leistungen zu erhalten<\/p>\n<\/td>\n<\/tr>\n<tr>\n<td width=\"186\">\n<p>Zusammenarbeit mit Strafverfolgungsbeh&ouml;rden, Aufkl&auml;ren von Straftaten<\/p>\n<\/td>\n<td width=\"186\">\n<p>b), c), d), e)<br \/> f)<br \/> Durchsetzung berechtigter Anspr&uuml;che und Forderungen; Wahrung eines einwandfreien Leumunds der BYTE Challenge<\/p>\n<\/td>\n<\/tr>\n<tr>\n<td colspan=\"5\" width=\"930\">\n<p><strong>Registrierung, Durchf&uuml;hrung, Preisversand (Sch&uuml;ler*innen)<\/strong><\/p>\n<\/td>\n<\/tr>\n<tr>\n<td width=\"186\">\n<p>Durchf&uuml;hrung des Angebotes<\/p>\n<\/td>\n<td width=\"186\">\n<p>b) (als AV)<br \/> <br \/> a) (bei individueller Registrierung)<\/p>\n<\/td>\n<td rowspan=\"10\" width=\"186\">\n<p>Vorname, Nachname<br \/> \u0415\u043b\u0435\u043a\u0442\u0440\u043e\u043d\u043d\u0430 \u043f\u043e\u0448\u0442\u0430<br \/> Passwort<br \/> E-Mail-Adresse der Eltern <br \/> <br \/> <br \/> Benutzername\/ Pseudonym (von BYTE erstellt)<br \/> <br \/> Optional:<br \/> Alter, Klassenstufe, Schule, Schulart, Staat, Bundesland, Geschlecht, Wie von BYTE erfahren, Programmiererfahrung, Informatik als Schulfach, Wettbewerbserfahrung<br \/> <\/p>\n<p>ggf. interne Kommunikation, auch innerhalb des LMS<br \/> <br \/> sowie alle Kategorien unter &ldquo;Homepage&rdquo;<\/p>\n<\/td>\n<td rowspan=\"10\" width=\"186\">\n<p>BYTE Kernteam, Infrastruktur-Team<\/p>\n<p>&nbsp;<\/p>\n<p>Benutzername und Kommunikation im LMS: zus&auml;tzlich Teilnehmende<\/p>\n<\/td>\n<td rowspan=\"10\" width=\"186\">\n<p>Konto-Deaktivierung bei Widerruf<\/p>\n<p>&nbsp;<\/p>\n<p>Wenn die Eltern ihre Zustimmung aktiv verweigern, wird der Datensatz zum Kind direkt gel&ouml;scht. Ohne Zustimmung der Eltern (keine Reaktion) erfolgt die L&ouml;schung nach 3 Monaten.<\/p>\n<p><br \/> Deaktivierte Konten werden nach 3 Monaten aus dem Produktivsystem gel&ouml;scht.<\/p>\n<p>&nbsp;<\/p>\n<p>Statistische (anonymisierte) Daten werden dauerhaft gespeichert<\/p>\n<p>&nbsp;<\/p>\n<p>Kommunikation zur Registrierung (E-Mails, Kontaktformulare) wird zum Jahresbeginn gel&ouml;scht, wenn &auml;lter als 1 Jahr.<br \/> Dar&uuml;ber hinausgehende E-Mail-Kommunikation wird bis zu 5 Jahre lang aufbewahrt.<\/p>\n<p>&nbsp;<\/p>\n<p>Server-Logs werden standardm&auml;&szlig;ig &uuml;ber 14 Tage rotiert.<br \/> <br \/> Bei der Aufkl&auml;rung von technischen Auff&auml;lligkeiten sowie von Straftaten wird die Speicherung bis zum Abschluss gespeichert, vorbehaltlich beh&ouml;rdlicher Anweisungen<\/p>\n<\/td>\n<\/tr>\n<tr>\n<td width=\"186\">\n<p>Zuordnung Lehrer*innen &lt;-&gt; Sch&uuml;ler*innen, Einsicht in Lernfortschritte der Sch&uuml;ler*innen<br \/> -&gt; Betreuung erm&ouml;glichen<\/p>\n<\/td>\n<td width=\"186\">\n<p>b) (als AV)<br \/> <br \/> findet nicht statt bei individueller Registrierung<\/p>\n<\/td>\n<\/tr>\n<tr>\n<td width=\"186\">\n<p>Einholen der Zustimmung der Eltern (bei individueller Teilnahme)<\/p>\n<\/td>\n<td width=\"186\">\n<p>c) (Zustimmung &lt;16 Jahre in Deutschland nicht g&uuml;ltig)<\/p>\n<\/td>\n<\/tr>\n<tr>\n<td width=\"186\">\n<p>Kontaktaufnahme<br \/> -&gt; bei besorgniserregenden Entwicklungen\/ &Auml;u&szlig;erungen der Sch&uuml;ler*innen<\/p>\n<\/td>\n<td width=\"186\">\n<p>c), d), e), f)<br \/> Schutz, F&ouml;rderung &amp; Erziehung der teilnehmenden Kinder<\/p>\n<\/td>\n<\/tr>\n<tr>\n<td width=\"186\">\n<p>Kontaktaufnahme <br \/> -&gt; Absprachen und Erkl&auml;rung im Rahmen der Angebote<\/p>\n<\/td>\n<td width=\"186\">\n<p>b), f)<br \/> Gew&auml;hrleistung eines verst&auml;ndlichen Bildungsangebotes<br \/> <\/p>\n<p>a) bei individueller Teilnahme<\/p>\n<\/td>\n<\/tr>\n<tr>\n<td width=\"186\">\n<p>Kontaktaufnahme<\/p>\n<p>-&gt; Information\/ Werbung f&uuml;r weitere Angebote (z.B. Sprechstunden)<\/p>\n<\/td>\n<td width=\"186\">\n<p>a) bei individueller Teilnahme<br \/> <\/p>\n<p>f) Bekanntmachung der Angebote<\/p>\n<\/td>\n<\/tr>\n<tr>\n<td width=\"186\">\n<p>Statistische Auswertungen <br \/> -&gt; Verbesserung des Angebotes<br \/> -&gt; Forschung<br \/> -&gt; Au&szlig;endarstellung<\/p>\n<\/td>\n<td width=\"186\">\n<p>f)<br \/> Das Angebot (auch wissenschaftlich) zu untersuchen, Verbesserungsm&ouml;glichkeiten ableiten und&nbsp; die Ergebnisse zu ver&ouml;ffentlichen<\/p>\n<\/td>\n<\/tr>\n<tr>\n<td width=\"186\">\n<p>Einholen von Feedback<br \/> -&gt; Verbesserung des Angebotes<br \/> -&gt; Forschung<br \/> -&gt; Au&szlig;endarstellung<\/p>\n<\/td>\n<td width=\"186\">\n<p>a)<br \/> f) (wie vor)<\/p>\n<\/td>\n<\/tr>\n<tr>\n<td width=\"186\">\n<p>Zum Versand von Preisen<\/p>\n<\/td>\n<td width=\"186\">\n<p>f)<br \/> Interesse der Schulklassen, Preise f&uuml;r gute Leistungen zu erhalten<\/p>\n<\/td>\n<\/tr>\n<tr>\n<td width=\"186\">\n<p>Zusammenarbeit mit Strafverfolgungsbeh&ouml;rden, Aufkl&auml;ren von Straftaten<\/p>\n<\/td>\n<td width=\"186\">\n<p>b), c), d), e)<br \/> f)<br \/> Durchsetzung berechtigter Anspr&uuml;che und Forderungen; Wahrung eines einwandfreien Leumunds der BYTE Challenge<\/p>\n<\/td>\n<\/tr>\n<tr>\n<td colspan=\"5\" width=\"930\">\n<p><strong>Interne Projekt-\/ Vereinsarbeit<\/strong><\/p>\n<\/td>\n<\/tr>\n<tr>\n<td width=\"186\">\n<p>Absprachen, Koordination, Inhaltlicher Austausch<\/p>\n<\/td>\n<td width=\"186\">\n<p>a)<\/p>\n<\/td>\n<td rowspan=\"3\" width=\"186\">\n<p>Name, E-Mail-Adresse;<br \/> <br \/> Interne Accounts;<br \/> Interne Kommunikation &amp; erstellte Materialien<br \/> <br \/> Belehrung &uuml;ber Datenschutz inkl. Adresse<br \/> <br \/> optional Geburtsdatum, Wohnort\/ Adresse, Telefonnummer, Foto<br \/> sowie alle Kategorien unter &ldquo;Homepage&rdquo;<br \/> <\/p>\n<\/td>\n<td rowspan=\"3\" width=\"186\">\n<p>BYTE Team;<br \/> <br \/> Daten des&nbsp; BYTE Kernteams: zus&auml;tzlich Lehrkr&auml;fte und Teilnehmende<br \/> <br \/> auf Wunsch: Ver&ouml;ffentlichung von Name, Foto und Aufgabe auf der Homepage<\/p>\n<\/td>\n<td rowspan=\"3\" width=\"186\">\n<p>Konto-Deaktivierung bei Widerruf<br \/> <br \/> J&auml;hrlich L&ouml;schung nicht mehr genutzter Konten, die l&auml;nger als 6 Monate deaktiviert sind<\/p>\n<p>&nbsp;<\/p>\n<p>Kommunikation (E-Mails, Kontaktformulare) sowie Arbeitsergebnisse k&ouml;nnen dauerhaft gespeichert werden.<\/p>\n<p>&nbsp;<\/p>\n<p>Server-Logs werden standardm&auml;&szlig;ig &uuml;ber 14 Tage rotiert.<br \/> <br \/> Bei der Aufkl&auml;rung von technischen Auff&auml;lligkeiten sowie von Straftaten wird die Speicherung bis zum Abschluss gespeichert, vorbehaltlich beh&ouml;rdlicher Anweisungen<\/p>\n<\/td>\n<\/tr>\n<tr>\n<td width=\"186\">\n<p>Belehrung &uuml;ber den Datenschutz<\/p>\n<\/td>\n<td width=\"186\">\n<p>c) <br \/> u.a. Art. 5 DSGVO, Abs. 2)<\/p>\n<\/td>\n<\/tr>\n<tr>\n<td width=\"186\">\n<p>Werbung f&uuml;r weitere Angebote<\/p>\n<\/td>\n<td width=\"186\">\n<p>f) F&ouml;rderung weiterer Projekte der GI, F&ouml;rderung der Ehrenamtlichen durch passende Angebote<\/p>\n<\/td>\n<\/tr>\n<tr>\n<td colspan=\"5\" width=\"930\">\n<p><strong>Homepage; Videokonferenz (eigener Jitsi-Server)<\/strong><\/p>\n<\/td>\n<\/tr>\n<tr>\n<td width=\"186\">\n<p>Betrieb der Webseite; Verfolgung von Fehlern (Logging), Absicherung gegen Angriffe (H&auml;rtung)<\/p>\n<\/td>\n<td width=\"186\">\n<p>c) TOM gem. DSGVO<\/p>\n<p>f) Einwandfreie Au&szlig;enpr&auml;sentation<\/p>\n<\/td>\n<td rowspan=\"3\" width=\"186\">\n<p>IP-Adresse inkl. geographischer Region<\/p>\n<p>Besuchte Seite<\/p>\n<p>Zugriffszeit<\/p>\n<p>Menge der gesendeten Daten in Byte<\/p>\n<p>Quelle\/Verweis, der auf die Seite f&uuml;hrte<\/p>\n<p>Browser-Engine und -Version<\/p>\n<p>Bildschirmaufl&ouml;sung<\/p>\n<p>Betriebssystem<\/p>\n<p>Eindeutige Ger&auml;te-Ids<\/p>\n<p>Spracheinstellungen<\/p>\n<p>Informationen &uuml;ber den Netzwerkzugriff<\/p>\n<\/td>\n<td rowspan=\"3\" width=\"186\">\n<p>BYTE Kernteam, Infrastruktur-Team<\/p>\n<\/td>\n<td rowspan=\"5\" width=\"186\">\n<p>Konto-Deaktivierung bei Widerruf<br \/> <br \/> J&auml;hrlich L&ouml;schung deaktivierter Konten, die &auml;lter als 3 Monate sind<\/p>\n<p>&nbsp;<\/p>\n<p>Statistische (anonymisierte) Daten werden dauerhaft gespeichert<\/p>\n<p>&nbsp;<\/p>\n<p>Kommunikation zur Registrierung (E-Mails, Kontaktformulare), die &auml;lter als 1 Jahr ist, wird im jedes Jahres gel&ouml;scht.<br \/> Dar&uuml;ber hinausgehende E-Mail-Kommunikation wird bis zu 6 Jahre lang aufbewahrt.<\/p>\n<p>&nbsp;<\/p>\n<p>Server-Logs werden standardm&auml;&szlig;ig &uuml;ber 14 Tage rotiert.<br \/> <br \/> Bei der Aufkl&auml;rung von technischen Auff&auml;lligkeiten sowie von Straftaten wird die Speicherung bis zum Abschluss gespeichert, vorbehaltlich beh&ouml;rdlicher Anweisungen<\/p>\n<\/td>\n<\/tr>\n<tr>\n<td width=\"186\">\n<p>Analytik<\/p>\n<p>-&gt; Verbesserung des Angebotes<br \/> -&gt; Forschung<br \/> -&gt; Au&szlig;endarstellung<\/p>\n<\/td>\n<td width=\"186\">\n<p>f) Einwandfreie Au&szlig;enpr&auml;sentation;<\/p>\n<p>Das Angebot (auch wissenschaftlich) zu untersuchen, Verbesserungsm&ouml;glichkeiten ableiten und&nbsp; die Ergebnisse zu ver&ouml;ffentlichen<\/p>\n<\/td>\n<\/tr>\n<tr>\n<td width=\"186\">\n<p>Zusammenarbeit mit Strafverfolgungsbeh&ouml;rden, Aufkl&auml;ren von Straftaten<\/p>\n<\/td>\n<td width=\"186\">\n<p>b), c), d), e)<br \/> f)<br \/> Durchsetzung berechtigter Anspr&uuml;che und Forderungen; Wahrung eines einwandfreien Leumunds der BYTE Challenge<\/p>\n<\/td>\n<\/tr>\n<tr>\n<td width=\"186\">\n<p>Administration der Homepage (nur bei Anmeldung im administrativen Bereich)<\/p>\n<\/td>\n<td width=\"186\">\n<p>c) Manipulationen\/ Angriffe auf Administration nachverfolgen<br \/> f) Administration der Homepage durchf&uuml;hren<\/p>\n<\/td>\n<td width=\"186\">\n<p>Benutzerkonto<\/p>\n<p>Zeit und Inhalt an der Webseite vorgenommener &Auml;nderungen<\/p>\n<p>&nbsp;<\/p>\n<\/td>\n<td width=\"186\">\n<p>Infrastruktur-Team<\/p>\n<\/td>\n<\/tr>\n<tr>\n<td width=\"186\">\n<p>Bei Nutzung von Kontaktformularen: Versand, Zuordnung, Bearbeitung der Nachricht<\/p>\n<\/td>\n<td width=\"186\">\n<p>ggf. b) bei Anfragen zu vorvertraglichen Ma&szlig;nahmen, <br \/> c) bei Anfragen zum Datenschutz, Impressum oder anderen Verpflichtungen<br \/> a) beim Absenden der Nachricht<\/p>\n<\/td>\n<td width=\"186\">\n<p>\u0406\u043c'\u044f<\/p>\n<p>\u0415\u043b\u0435\u043a\u0442\u0440\u043e\u043d\u043d\u0430 \u043f\u043e\u0448\u0442\u0430<\/p>\n<p>Betreff<\/p>\n<p>\u041f\u043e\u0432\u0456\u0434\u043e\u043c\u043b\u0435\u043d\u043d\u044f<\/p>\n<\/td>\n<td width=\"186\">\n<p>BYTE Kernteam,<br \/> Infrastruktur-Team<\/p>\n<\/td>\n<\/tr>\n<\/tbody>\n<\/table>\n<p>&nbsp;<\/p>","protected":false},"excerpt":{"rendered":"<p>Die BYTE Challenge ist ein Projekt der Gesellschaft f\u00fcr Informatik e.V. und arbeitet unter deren Datenschutzrichtlinien. Diese k\u00f6nnen Sie hier einsehen: Zus\u00e4tzliche Datenschutzrichtlinien f\u00fcr die BYTE Challenge Projektbeschreibung Die BYTE &#8230;<\/p>","protected":false},"author":1,"featured_media":0,"parent":0,"menu_order":0,"comment_status":"closed","ping_status":"closed","template":"","meta":{"footnotes":""},"class_list":["post-34","page","type-page","status-publish","hentry"],"_links":{"self":[{"href":"https:\/\/byte-challenge.de\/uk\/wp-json\/wp\/v2\/pages\/34","targetHints":{"allow":["GET"]}}],"collection":[{"href":"https:\/\/byte-challenge.de\/uk\/wp-json\/wp\/v2\/pages"}],"about":[{"href":"https:\/\/byte-challenge.de\/uk\/wp-json\/wp\/v2\/types\/page"}],"author":[{"embeddable":true,"href":"https:\/\/byte-challenge.de\/uk\/wp-json\/wp\/v2\/users\/1"}],"replies":[{"embeddable":true,"href":"https:\/\/byte-challenge.de\/uk\/wp-json\/wp\/v2\/comments?post=34"}],"version-history":[{"count":14,"href":"https:\/\/byte-challenge.de\/uk\/wp-json\/wp\/v2\/pages\/34\/revisions"}],"predecessor-version":[{"id":301,"href":"https:\/\/byte-challenge.de\/uk\/wp-json\/wp\/v2\/pages\/34\/revisions\/301"}],"wp:attachment":[{"href":"https:\/\/byte-challenge.de\/uk\/wp-json\/wp\/v2\/media?parent=34"}],"curies":[{"name":"wp","href":"https:\/\/api.w.org\/{rel}","templated":true}]}}