{"id":422,"date":"2022-07-23T12:28:49","date_gmt":"2022-07-23T12:28:49","guid":{"rendered":"https:\/\/byte-challenge.de\/?page_id=422"},"modified":"2025-05-17T09:51:28","modified_gmt":"2025-05-17T09:51:28","slug":"join","status":"publish","type":"page","link":"https:\/\/byte-challenge.de\/uk\/join\/","title":{"rendered":"Join the Team"},"content":{"rendered":"<div class=\"wp-block-columns is-layout-flex wp-container-core-columns-is-layout-9d6595d7 wp-block-columns-is-layout-flex\">\n<div class=\"wp-block-column is-layout-flow wp-block-column-is-layout-flow\" style=\"flex-basis:20%\"><\/div>\n\n\n\n<div class=\"wp-block-column is-layout-flow wp-block-column-is-layout-flow\">\n<h1 class=\"wp-block-heading\">Join the BYTE Team<\/h1>\n<\/div>\n\n\n\n<div class=\"wp-block-column is-layout-flow wp-block-column-is-layout-flow\" style=\"flex-basis:20%\"><\/div>\n<\/div>\n\n\n\n<div style=\"height:20px\" aria-hidden=\"true\" class=\"wp-block-spacer\"><\/div>\n\n\n\n<div class=\"wp-block-columns is-layout-flex wp-container-core-columns-is-layout-9d6595d7 wp-block-columns-is-layout-flex\">\n<div class=\"wp-block-column is-layout-flow wp-block-column-is-layout-flow\" style=\"flex-basis:20%\"><\/div>\n\n\n\n<div class=\"wp-block-column is-layout-flow wp-block-column-is-layout-flow\">\n<h5 class=\"wp-block-heading\">\u0434\u0438\u0441\u0442\u0430\u043d\u0446\u0456\u0439\u043d\u0438\u0439 | \u0446\u0438\u0444\u0440\u043e\u0432\u0438\u0439 | \u0434\u043e\u0431\u0440\u043e\u0432\u0456\u043b\u044c\u043d\u0438\u0439<\/h5>\n\n\n\n<p>Wir sind eine bunte Gruppe von Menschen, die eine Leidenschaft f\u00fcr MINT teilen und ihre Begeisterung weitergeben m\u00f6chten. Unser Ziel ist es, Sch\u00fcler:innen dabei zu unterst\u00fctzen, die digitale Welt bewusst und kompetent zu navigieren.<\/p>\n\n\n\n<p>Von der Entwicklung von Kursinhalten \u00fcber die Gestaltung unserer Lernplattform bis hin zur Organisation von Events \u2013 wir setzen uns mit Herzblut daf\u00fcr ein, dass junge Menschen optimal auf die Herausforderungen der digitalen Zukunft vorbereitet sind.<\/p>\n\n\n\n<p>BYTE ist mehr als nur eine Bildungsplattform; es ist eine lebendige Gemeinschaft, die durch gemeinsame Begeisterung Talente f\u00f6rdert und durch ein (digitales) Sozialleben im Team die pers\u00f6nliche Entwicklung und das Engagement unserer Mitglieder st\u00e4rkt.<\/p>\n<\/div>\n\n\n\n<div class=\"wp-block-column is-layout-flow wp-block-column-is-layout-flow\" style=\"flex-basis:20%\"><\/div>\n<\/div>\n\n\n<div class=\"wp-block-image\">\n<figure class=\"aligncenter size-large is-resized\"><img loading=\"lazy\" decoding=\"async\" width=\"1024\" height=\"576\" src=\"https:\/\/byte-challenge.de\/wp-content\/uploads\/2024\/05\/Join-the-BYTE-Team-2-1024x576.png\" alt=\"\" class=\"wp-image-1728\" style=\"width:600px\" srcset=\"https:\/\/byte-challenge.de\/wp-content\/uploads\/2024\/05\/Join-the-BYTE-Team-2-1024x576.png 1024w, https:\/\/byte-challenge.de\/wp-content\/uploads\/2024\/05\/Join-the-BYTE-Team-2-300x169.png 300w, https:\/\/byte-challenge.de\/wp-content\/uploads\/2024\/05\/Join-the-BYTE-Team-2-768x432.png 768w, https:\/\/byte-challenge.de\/wp-content\/uploads\/2024\/05\/Join-the-BYTE-Team-2-1536x864.png 1536w, https:\/\/byte-challenge.de\/wp-content\/uploads\/2024\/05\/Join-the-BYTE-Team-2-18x10.png 18w, https:\/\/byte-challenge.de\/wp-content\/uploads\/2024\/05\/Join-the-BYTE-Team-2-600x338.png 600w, https:\/\/byte-challenge.de\/wp-content\/uploads\/2024\/05\/Join-the-BYTE-Team-2.png 1920w\" sizes=\"auto, (max-width: 1024px) 100vw, 1024px\" \/><\/figure>\n<\/div>\n\n\n<div style=\"height:30px\" aria-hidden=\"true\" class=\"wp-block-spacer\"><\/div>\n\n\n\n<div class=\"wp-block-columns is-layout-flex wp-container-core-columns-is-layout-9d6595d7 wp-block-columns-is-layout-flex\">\n<div class=\"wp-block-column is-layout-flow wp-block-column-is-layout-flow\" style=\"flex-basis:20%\"><\/div>\n\n\n\n<div class=\"wp-block-column is-layout-flow wp-block-column-is-layout-flow\">\n<h5 class=\"wp-block-heading\">Aktuelle Rollen<\/h5>\n\n\n\n<p>Derzeit ist die BYTE Challenge auf der Suche nach den folgenden Rollen:<\/p>\n\n\n\n<ul class=\"wp-block-list\">\n<li><a href=\"https:\/\/govolunteer.com\/projekte\/kursinhalte-author-m-w-a-mint-themen-grundlagen-der-informatik\" target=\"_blank\" rel=\"noreferrer noopener\">Kursinhalte Author (m\/w\/a) MINT Themen, Grundlagen der Informatik<\/a><\/li>\n\n\n\n<li><a href=\"https:\/\/govolunteer.com\/projekte\/kursinhalte-author-m-w-a-social-media-medienkompetenz\" target=\"_blank\" rel=\"noreferrer noopener\">Kursinhalte Author<strong> <\/strong>(m\/w\/a) Social Media, Medienkompetenz<\/a><\/li>\n\n\n\n<li><a href=\"https:\/\/govolunteer.com\/projekte\/kursdesigner-m-w-a-grafik-und-videoproduktion\" target=\"_blank\" rel=\"noreferrer noopener\">Kursdesigner<strong> <\/strong>(m\/w\/a) Grafik- und Videoproduktion<\/a><\/li>\n\n\n\n<li><a href=\"https:\/\/govolunteer.com\/projekte\/kooperations-und-foerdermittel-champion-m-w-a\" target=\"_blank\" rel=\"noreferrer noopener\">Kooperations- und F\u00f6rdermittel-Champion (m\/w\/a)<\/a><\/li>\n\n\n\n<li><a href=\"https:\/\/govolunteer.com\/projekte\/social-media-marketing-guru-m-w-a\" target=\"_blank\" rel=\"noreferrer noopener\">Social Media &amp; Marketing Guru (m\/w\/a)<\/a><\/li>\n\n\n\n<li><a href=\"https:\/\/govolunteer.com\/projekte\/qualitaetsmanager-m-w-a-fuer-digitale-kurse\" target=\"_blank\" rel=\"noreferrer noopener\">Qualit\u00e4tsmanager (m\/w\/a) f\u00fcr digitale Kurse<\/a><\/li>\n\n\n\n<li><a href=\"https:\/\/govolunteer.com\/projekte\/tester-m-w-a-fuer-digitale-kurse\" target=\"_blank\" rel=\"noreferrer noopener\">Tester (m\/w\/a) f\u00fcr digitale Kurse<\/a><\/li>\n<\/ul>\n<\/div>\n\n\n\n<div class=\"wp-block-column is-layout-flow wp-block-column-is-layout-flow\" style=\"flex-basis:20%\"><\/div>\n<\/div>\n\n\n\n<div style=\"height:20px\" aria-hidden=\"true\" class=\"wp-block-spacer\"><\/div>\n\n\n\n<div class=\"wp-block-columns is-layout-flex wp-container-core-columns-is-layout-9d6595d7 wp-block-columns-is-layout-flex\">\n<div class=\"wp-block-column is-layout-flow wp-block-column-is-layout-flow\" style=\"flex-basis:20%\"><\/div>\n\n\n\n<div class=\"wp-block-column is-layout-flow wp-block-column-is-layout-flow\">\n<h5 class=\"wp-block-heading\">Nichts passendes gefunden?<\/h5>\n\n\n\n<p>Bist du daran interessiert, dich ehrenamtlich zu engagieren, aber hast noch keine konkrete Rolle im Auge? Kein Problem! M\u00f6chtest du Teil des BYTE-Teams werden? Wir sind sicher, dass wir einen Weg finden, wie du dich bei uns einbringen kannst. Teile uns einfach deine Interessen mit! Schreib uns eine Nachricht an <strong>info@byte-challenge.de<\/strong>. Wir freuen uns auf dich! \ud83d\ude0a<\/p>\n<\/div>\n\n\n\n<div class=\"wp-block-column is-layout-flow wp-block-column-is-layout-flow\" style=\"flex-basis:20%\"><\/div>\n<\/div>\n\n\n\n<div style=\"height:15px\" aria-hidden=\"true\" class=\"wp-block-spacer\"><\/div>\n\n\n\n<div style=\"height:0px\" aria-hidden=\"true\" class=\"wp-block-spacer\"><\/div>\n\n\n<div class=\"wp-block-image\">\n<figure class=\"aligncenter size-large\"><img loading=\"lazy\" decoding=\"async\" width=\"1024\" height=\"1024\" src=\"https:\/\/byte-challenge.de\/wp-content\/uploads\/2022\/07\/Join-BYTE-Entscheidungsbaum_02-1024x1024.png\" alt=\"\" class=\"wp-image-442\" srcset=\"https:\/\/byte-challenge.de\/wp-content\/uploads\/2022\/07\/Join-BYTE-Entscheidungsbaum_02-1024x1024.png 1024w, https:\/\/byte-challenge.de\/wp-content\/uploads\/2022\/07\/Join-BYTE-Entscheidungsbaum_02-300x300.png 300w, https:\/\/byte-challenge.de\/wp-content\/uploads\/2022\/07\/Join-BYTE-Entscheidungsbaum_02-100x100.png 100w, https:\/\/byte-challenge.de\/wp-content\/uploads\/2022\/07\/Join-BYTE-Entscheidungsbaum_02-600x600.png 600w, https:\/\/byte-challenge.de\/wp-content\/uploads\/2022\/07\/Join-BYTE-Entscheidungsbaum_02-150x150.png 150w, https:\/\/byte-challenge.de\/wp-content\/uploads\/2022\/07\/Join-BYTE-Entscheidungsbaum_02-768x768.png 768w, https:\/\/byte-challenge.de\/wp-content\/uploads\/2022\/07\/Join-BYTE-Entscheidungsbaum_02.png 1080w\" sizes=\"auto, (max-width: 1024px) 100vw, 1024px\" \/><\/figure>\n<\/div>\n\n\n<div style=\"height:15px\" aria-hidden=\"true\" class=\"wp-block-spacer\"><\/div>\n\n\n\n<div class=\"wp-block-buttons is-content-justification-center is-layout-flex wp-container-core-buttons-is-layout-16018d1d wp-block-buttons-is-layout-flex\">\n<div class=\"wp-block-button is-style-outline is-style-outline--2\"><a class=\"wp-block-button__link has-black-color has-white-background-color has-text-color has-background has-link-color has-text-align-center wp-element-button\" href=\"https:\/\/byte-challenge.de\/uk\/kontakt\/\">\u0414\u043e \u043a\u043e\u043d\u0442\u0430\u043a\u0442\u043d\u043e\u0457 \u0444\u043e\u0440\u043c\u0438<\/a><\/div>\n<\/div>","protected":false},"excerpt":{"rendered":"<p>Join the BYTE Team remote | digital&nbsp;|&nbsp;ehrenamtlich Wir sind eine bunte Gruppe von Menschen, die eine Leidenschaft f\u00fcr MINT teilen und ihre Begeisterung weitergeben m\u00f6chten. Unser Ziel ist es, Sch\u00fcler:innen &#8230;<\/p>","protected":false},"author":1,"featured_media":0,"parent":0,"menu_order":0,"comment_status":"closed","ping_status":"closed","template":"","meta":{"footnotes":""},"class_list":["post-422","page","type-page","status-publish","hentry"],"_links":{"self":[{"href":"https:\/\/byte-challenge.de\/uk\/wp-json\/wp\/v2\/pages\/422","targetHints":{"allow":["GET"]}}],"collection":[{"href":"https:\/\/byte-challenge.de\/uk\/wp-json\/wp\/v2\/pages"}],"about":[{"href":"https:\/\/byte-challenge.de\/uk\/wp-json\/wp\/v2\/types\/page"}],"author":[{"embeddable":true,"href":"https:\/\/byte-challenge.de\/uk\/wp-json\/wp\/v2\/users\/1"}],"replies":[{"embeddable":true,"href":"https:\/\/byte-challenge.de\/uk\/wp-json\/wp\/v2\/comments?post=422"}],"version-history":[{"count":31,"href":"https:\/\/byte-challenge.de\/uk\/wp-json\/wp\/v2\/pages\/422\/revisions"}],"predecessor-version":[{"id":1904,"href":"https:\/\/byte-challenge.de\/uk\/wp-json\/wp\/v2\/pages\/422\/revisions\/1904"}],"wp:attachment":[{"href":"https:\/\/byte-challenge.de\/uk\/wp-json\/wp\/v2\/media?parent=422"}],"curies":[{"name":"wp","href":"https:\/\/api.w.org\/{rel}","templated":true}]}}