{"id":568,"date":"2022-08-31T07:46:05","date_gmt":"2022-08-31T07:46:05","guid":{"rendered":"https:\/\/byte-challenge.de\/?page_id=568"},"modified":"2025-02-22T21:34:31","modified_gmt":"2025-02-22T21:34:31","slug":"sponsoren","status":"publish","type":"page","link":"https:\/\/byte-challenge.de\/uk\/sponsoren\/","title":{"rendered":"\u041d\u0430\u0448\u0456 \u0441\u043f\u043e\u043d\u0441\u043e\u0440\u0438"},"content":{"rendered":"<div style=\"height:32px\" aria-hidden=\"true\" class=\"wp-block-spacer\"><\/div>\n\n\n\n<div style=\"height:35px\" aria-hidden=\"true\" class=\"wp-block-spacer\"><\/div>\n\n\n\n<h2 class=\"wp-block-heading has-text-align-center\">\u041d\u0430\u0448\u0456 \u0441\u043f\u043e\u043d\u0441\u043e\u0440\u0438<\/h2>\n\n\n\n<div style=\"height:15px\" aria-hidden=\"true\" class=\"wp-block-spacer\"><\/div>\n\n\n\n<div class=\"wp-block-columns is-layout-flex wp-container-core-columns-is-layout-9d6595d7 wp-block-columns-is-layout-flex\">\n<div class=\"wp-block-column is-layout-flow wp-block-column-is-layout-flow\" style=\"flex-basis:25%\"><\/div>\n\n\n\n<div class=\"wp-block-column is-layout-flow wp-block-column-is-layout-flow\" style=\"flex-basis:50%\">\n<p>Die BYTE Challenge w\u00e4chst und begeistert immer mehr Menschen! Dank der gro\u00dfz\u00fcgigen F\u00f6rderung durch die Deutsche Stiftung f\u00fcr Engagement und Ehrenamt sowie des Sponsorings von manitu k\u00f6nnen wir unsere Mission fortsetzen: digitale Bildung zug\u00e4nglich und spannend zu gestalten. Ein gro\u00dfes Dankesch\u00f6n an unsere Partner \u2013 gemeinsam machen wir Informatik f\u00fcr alle erlebbar!<\/p>\n<\/div>\n\n\n\n<div class=\"wp-block-column is-layout-flow wp-block-column-is-layout-flow\" style=\"flex-basis:25%\"><\/div>\n<\/div>\n\n\n<div class=\"wp-block-image\">\n<figure class=\"aligncenter size-large is-resized\"><img loading=\"lazy\" decoding=\"async\" width=\"1024\" height=\"587\" src=\"https:\/\/byte-challenge.de\/wp-content\/uploads\/2024\/11\/2023_DSEE_Gefoerdert_Logo_2zlg_RGB_Kreis_Schwarze-Schrift_2000px-1-1024x587.png\" alt=\"\" class=\"wp-image-1781\" style=\"width:500px\" srcset=\"https:\/\/byte-challenge.de\/wp-content\/uploads\/2024\/11\/2023_DSEE_Gefoerdert_Logo_2zlg_RGB_Kreis_Schwarze-Schrift_2000px-1-1024x587.png 1024w, https:\/\/byte-challenge.de\/wp-content\/uploads\/2024\/11\/2023_DSEE_Gefoerdert_Logo_2zlg_RGB_Kreis_Schwarze-Schrift_2000px-1-300x172.png 300w, https:\/\/byte-challenge.de\/wp-content\/uploads\/2024\/11\/2023_DSEE_Gefoerdert_Logo_2zlg_RGB_Kreis_Schwarze-Schrift_2000px-1-768x440.png 768w, https:\/\/byte-challenge.de\/wp-content\/uploads\/2024\/11\/2023_DSEE_Gefoerdert_Logo_2zlg_RGB_Kreis_Schwarze-Schrift_2000px-1-1536x880.png 1536w, https:\/\/byte-challenge.de\/wp-content\/uploads\/2024\/11\/2023_DSEE_Gefoerdert_Logo_2zlg_RGB_Kreis_Schwarze-Schrift_2000px-1-18x10.png 18w, https:\/\/byte-challenge.de\/wp-content\/uploads\/2024\/11\/2023_DSEE_Gefoerdert_Logo_2zlg_RGB_Kreis_Schwarze-Schrift_2000px-1-600x344.png 600w, https:\/\/byte-challenge.de\/wp-content\/uploads\/2024\/11\/2023_DSEE_Gefoerdert_Logo_2zlg_RGB_Kreis_Schwarze-Schrift_2000px-1.png 2000w\" sizes=\"auto, (max-width: 1024px) 100vw, 1024px\" \/><\/figure>\n<\/div>\n\n<div class=\"wp-block-image\">\n<figure class=\"aligncenter size-full is-resized\"><img loading=\"lazy\" decoding=\"async\" width=\"500\" height=\"250\" src=\"https:\/\/byte-challenge.de\/wp-content\/uploads\/2024\/02\/Sponsoren_500x250_Manitu.png\" alt=\"\" class=\"wp-image-1363\" style=\"width:350px\" srcset=\"https:\/\/byte-challenge.de\/wp-content\/uploads\/2024\/02\/Sponsoren_500x250_Manitu.png 500w, https:\/\/byte-challenge.de\/wp-content\/uploads\/2024\/02\/Sponsoren_500x250_Manitu-300x150.png 300w, https:\/\/byte-challenge.de\/wp-content\/uploads\/2024\/02\/Sponsoren_500x250_Manitu-18x9.png 18w\" sizes=\"auto, (max-width: 500px) 100vw, 500px\" \/><\/figure>\n<\/div>\n\n\n<figure class=\"wp-block-video\"><video height=\"720\" style=\"aspect-ratio: 1280 \/ 720;\" width=\"1280\" controls src=\"https:\/\/byte-challenge.de\/wp-content\/uploads\/2022\/09\/z_Abspann_1.mp4\"><\/video><\/figure>\n\n\n\n<div style=\"height:35px\" aria-hidden=\"true\" class=\"wp-block-spacer\"><\/div>\n\n\n\n<h2 class=\"wp-block-heading has-text-align-center\">\u041d\u0430\u043b\u0430\u0433\u043e\u0434\u0436\u0443\u0439\u043c\u043e \u0437\u0432'\u044f\u0437\u043e\u043a!<\/h2>\n\n\n\n<div class=\"wp-block-columns is-layout-flex wp-container-core-columns-is-layout-9d6595d7 wp-block-columns-is-layout-flex\">\n<div class=\"wp-block-column is-layout-flow wp-block-column-is-layout-flow\" style=\"flex-basis:25%\"><\/div>\n\n\n\n<div class=\"wp-block-column is-layout-flow wp-block-column-is-layout-flow\">\n<p>\u041c\u0438 \u043f\u043e\u0441\u0442\u0456\u0439\u043d\u043e \u0448\u0443\u043a\u0430\u0454\u043c\u043e \u043f\u043e\u0442\u0435\u043d\u0446\u0456\u0439\u043d\u0438\u0445 \u043f\u0430\u0440\u0442\u043d\u0435\u0440\u0456\u0432 \u0434\u043b\u044f \u0441\u043f\u0456\u0432\u0440\u043e\u0431\u0456\u0442\u043d\u0438\u0442\u0441\u0442\u0432\u0430 \u0442\u0430 \u0441\u043f\u043e\u043d\u0441\u043e\u0440\u0456\u0432. \u0414\u0430\u0432\u0430\u0439\u0442\u0435 \u043f\u043e\u0433\u043e\u0432\u043e\u0440\u0438\u043c\u043e \u043f\u0440\u043e \u0442\u0435, \u044f\u043a \u043c\u0438 \u043c\u043e\u0436\u0435\u043c\u043e \u043f\u0440\u0430\u0446\u044e\u0432\u0430\u0442\u0438 \u0440\u0430\u0437\u043e\u043c. \u0417\u0432'\u044f\u0436\u0456\u0442\u044c\u0441\u044f \u0437 \u043d\u0430\u043c\u0438, \u0449\u043e\u0431 \u043e\u0431\u0433\u043e\u0432\u043e\u0440\u0438\u0442\u0438 \u0431\u0456\u043b\u044c\u0448 \u0434\u0435\u0442\u0430\u043b\u044c\u043d\u0443 \u0456\u043d\u0444\u043e\u0440\u043c\u0430\u0446\u0456\u044e \u0442\u0430 \u0441\u043f\u0456\u043b\u044c\u043d\u043e \u0437\u043d\u0430\u0439\u0442\u0438 \u043d\u043e\u0432\u0456 \u0456\u0434\u0435\u0457.<\/p>\n\n\n\n<div style=\"height:15px\" aria-hidden=\"true\" class=\"wp-block-spacer\"><\/div>\n\n\n\n<div class=\"wp-block-buttons alignwide is-content-justification-center is-layout-flex wp-container-core-buttons-is-layout-16018d1d wp-block-buttons-is-layout-flex\">\n<div class=\"wp-block-button is-style-outline is-style-outline--2\"><a class=\"wp-block-button__link has-black-color has-text-color has-background has-link-color has-text-align-center wp-element-button\" href=\"https:\/\/byte-challenge.de\/uk\/kontakt\/\" style=\"background-color:#00c2c5\"><strong>\u041a\u043e\u043d\u0442\u0430\u043a\u0442\u0438<\/strong><\/a><\/div>\n<\/div>\n<\/div>\n\n\n\n<div class=\"wp-block-column is-layout-flow wp-block-column-is-layout-flow\" style=\"flex-basis:25%\"><\/div>\n<\/div>","protected":false},"excerpt":{"rendered":"<p>Sponsoren Die BYTE Challenge w\u00e4chst und begeistert immer mehr Menschen! Dank der gro\u00dfz\u00fcgigen F\u00f6rderung durch die Deutsche Stiftung f\u00fcr Engagement und Ehrenamt sowie des Sponsorings von manitu k\u00f6nnen wir unsere &#8230;<\/p>","protected":false},"author":1,"featured_media":0,"parent":0,"menu_order":0,"comment_status":"closed","ping_status":"closed","template":"","meta":{"footnotes":""},"class_list":["post-568","page","type-page","status-publish","hentry"],"_links":{"self":[{"href":"https:\/\/byte-challenge.de\/uk\/wp-json\/wp\/v2\/pages\/568","targetHints":{"allow":["GET"]}}],"collection":[{"href":"https:\/\/byte-challenge.de\/uk\/wp-json\/wp\/v2\/pages"}],"about":[{"href":"https:\/\/byte-challenge.de\/uk\/wp-json\/wp\/v2\/types\/page"}],"author":[{"embeddable":true,"href":"https:\/\/byte-challenge.de\/uk\/wp-json\/wp\/v2\/users\/1"}],"replies":[{"embeddable":true,"href":"https:\/\/byte-challenge.de\/uk\/wp-json\/wp\/v2\/comments?post=568"}],"version-history":[{"count":16,"href":"https:\/\/byte-challenge.de\/uk\/wp-json\/wp\/v2\/pages\/568\/revisions"}],"predecessor-version":[{"id":1849,"href":"https:\/\/byte-challenge.de\/uk\/wp-json\/wp\/v2\/pages\/568\/revisions\/1849"}],"wp:attachment":[{"href":"https:\/\/byte-challenge.de\/uk\/wp-json\/wp\/v2\/media?parent=568"}],"curies":[{"name":"wp","href":"https:\/\/api.w.org\/{rel}","templated":true}]}}