{"id":811,"date":"2022-09-21T06:53:21","date_gmt":"2022-09-21T06:53:21","guid":{"rendered":"https:\/\/byte-challenge.de\/?post_type=product&#038;p=811"},"modified":"2022-10-01T12:34:35","modified_gmt":"2022-10-01T12:34:35","slug":"bitsy-10cm","status":"publish","type":"product","link":"https:\/\/byte-challenge.de\/uk\/product\/bitsy-10cm\/","title":{"rendered":"Bitsy 10cm"},"content":{"rendered":"","protected":false},"excerpt":{"rendered":"<p>Unser 10cm Maskottchen Bitsy ist nur als Sonderpreis f\u00fcr besonders engagierte Sch\u00fcler*innen erh\u00e4ltlich.<\/p>","protected":false},"featured_media":864,"template":"","meta":[],"product_brand":[],"product_cat":[34],"product_tag":[],"class_list":{"0":"post-811","1":"product","2":"type-product","3":"status-publish","4":"has-post-thumbnail","6":"product_cat-sonderpreis","8":"first","9":"instock","10":"shipping-taxable","11":"product-type-simple"},"_links":{"self":[{"href":"https:\/\/byte-challenge.de\/uk\/wp-json\/wp\/v2\/product\/811","targetHints":{"allow":["GET"]}}],"collection":[{"href":"https:\/\/byte-challenge.de\/uk\/wp-json\/wp\/v2\/product"}],"about":[{"href":"https:\/\/byte-challenge.de\/uk\/wp-json\/wp\/v2\/types\/product"}],"wp:featuredmedia":[{"embeddable":true,"href":"https:\/\/byte-challenge.de\/uk\/wp-json\/wp\/v2\/media\/864"}],"wp:attachment":[{"href":"https:\/\/byte-challenge.de\/uk\/wp-json\/wp\/v2\/media?parent=811"}],"wp:term":[{"taxonomy":"product_brand","embeddable":true,"href":"https:\/\/byte-challenge.de\/uk\/wp-json\/wp\/v2\/product_brand?post=811"},{"taxonomy":"product_cat","embeddable":true,"href":"https:\/\/byte-challenge.de\/uk\/wp-json\/wp\/v2\/product_cat?post=811"},{"taxonomy":"product_tag","embeddable":true,"href":"https:\/\/byte-challenge.de\/uk\/wp-json\/wp\/v2\/product_tag?post=811"}],"curies":[{"name":"wp","href":"https:\/\/api.w.org\/{rel}","templated":true}]}}